{"id":1730,"date":"2021-10-22T07:43:05","date_gmt":"2021-10-22T07:43:05","guid":{"rendered":"http:\/\/www.zlatesperkyrb.cz.uvirt111.active24.cz\/?post_type=product&#038;p=1730"},"modified":"2021-10-26T18:06:23","modified_gmt":"2021-10-26T18:06:23","slug":"retizek-15","status":"publish","type":"product","link":"https:\/\/zlatesperky-rb.cz\/?product=retizek-15","title":{"rendered":"\u0158et\u00edzek"},"content":{"rendered":"<p>\u0158et\u00edzek z b\u00edl\u00e9ho 14 kr zlata zdoben\u00fd b\u00edl\u00fdm zirkonem,kam\u00ednek je sou\u010d\u00e1st \u0159et\u00edzku.<\/p>\n","protected":false},"excerpt":{"rendered":"<ul>\n<li>v\u00e1ha \u0159et\u00edzku 3,1 g \/14 kr \/<\/li>\n<li>d\u00e9lka \u0159et\u00edzku 40 cm<\/li>\n<li>zap\u00ednan\u00ed karabinka 14 kr<\/li>\n<li>velikost zirkonu 5 mm<\/li>\n<\/ul>\n","protected":false},"featured_media":1643,"template":"","meta":[],"product_cat":[33,32],"product_tag":[],"_links":{"self":[{"href":"https:\/\/zlatesperky-rb.cz\/index.php?rest_route=\/wp\/v2\/product\/1730"}],"collection":[{"href":"https:\/\/zlatesperky-rb.cz\/index.php?rest_route=\/wp\/v2\/product"}],"about":[{"href":"https:\/\/zlatesperky-rb.cz\/index.php?rest_route=\/wp\/v2\/types\/product"}],"wp:featuredmedia":[{"embeddable":true,"href":"https:\/\/zlatesperky-rb.cz\/index.php?rest_route=\/wp\/v2\/media\/1643"}],"wp:attachment":[{"href":"https:\/\/zlatesperky-rb.cz\/index.php?rest_route=%2Fwp%2Fv2%2Fmedia&parent=1730"}],"wp:term":[{"taxonomy":"product_cat","embeddable":true,"href":"https:\/\/zlatesperky-rb.cz\/index.php?rest_route=%2Fwp%2Fv2%2Fproduct_cat&post=1730"},{"taxonomy":"product_tag","embeddable":true,"href":"https:\/\/zlatesperky-rb.cz\/index.php?rest_route=%2Fwp%2Fv2%2Fproduct_tag&post=1730"}],"curies":[{"name":"wp","href":"https:\/\/api.w.org\/{rel}","templated":true}]}}