{"id":1774,"date":"2021-10-26T19:11:40","date_gmt":"2021-10-26T19:11:40","guid":{"rendered":"http:\/\/www.zlatesperkyrb.cz.uvirt111.active24.cz\/?post_type=product&#038;p=1774"},"modified":"2026-03-15T12:29:43","modified_gmt":"2026-03-15T12:29:43","slug":"naramek-25","status":"publish","type":"product","link":"https:\/\/zlatesperky-rb.cz\/?product=naramek-25","title":{"rendered":"N\u00e1ramek"},"content":{"rendered":"<p style=\"text-align: left;\">N\u00e1ramek zlat\u00fd vyroben ru\u010dn\u011b ze 14 kr \u017elut\u00e9ho zlata.<\/p>\n<p>N\u00e1ramek se m\u016f\u017ee vyrobit i z b\u00edl\u00e9ho zlata 14 kr<\/p>\n<p>&nbsp;<\/p>\n","protected":false},"excerpt":{"rendered":"<ul>\n<li>v\u00e1ha n\u00e1ramku 8,10 g \/ 14 kr \/<\/li>\n<li>d\u00e9lka n\u00e1ramku 20 cm<\/li>\n<li>\u0161\u00ed\u0159e n\u00e1ramku 10mm<\/li>\n<li>zap\u00edn\u00e1n\u00ed p\u00e9rov\u00fd krou\u017eek<\/li>\n<\/ul>\n","protected":false},"featured_media":1753,"template":"","meta":[],"product_cat":[36,21],"product_tag":[],"_links":{"self":[{"href":"https:\/\/zlatesperky-rb.cz\/index.php?rest_route=\/wp\/v2\/product\/1774"}],"collection":[{"href":"https:\/\/zlatesperky-rb.cz\/index.php?rest_route=\/wp\/v2\/product"}],"about":[{"href":"https:\/\/zlatesperky-rb.cz\/index.php?rest_route=\/wp\/v2\/types\/product"}],"wp:featuredmedia":[{"embeddable":true,"href":"https:\/\/zlatesperky-rb.cz\/index.php?rest_route=\/wp\/v2\/media\/1753"}],"wp:attachment":[{"href":"https:\/\/zlatesperky-rb.cz\/index.php?rest_route=%2Fwp%2Fv2%2Fmedia&parent=1774"}],"wp:term":[{"taxonomy":"product_cat","embeddable":true,"href":"https:\/\/zlatesperky-rb.cz\/index.php?rest_route=%2Fwp%2Fv2%2Fproduct_cat&post=1774"},{"taxonomy":"product_tag","embeddable":true,"href":"https:\/\/zlatesperky-rb.cz\/index.php?rest_route=%2Fwp%2Fv2%2Fproduct_tag&post=1774"}],"curies":[{"name":"wp","href":"https:\/\/api.w.org\/{rel}","templated":true}]}}