{"id":1775,"date":"2021-10-26T19:13:30","date_gmt":"2021-10-26T19:13:30","guid":{"rendered":"http:\/\/www.zlatesperkyrb.cz.uvirt111.active24.cz\/?post_type=product&#038;p=1775"},"modified":"2026-03-15T12:42:43","modified_gmt":"2026-03-15T12:42:43","slug":"naramek-26","status":"publish","type":"product","link":"https:\/\/zlatesperky-rb.cz\/?product=naramek-26","title":{"rendered":"N\u00e1ramek"},"content":{"rendered":"<p>Zlat\u00fd n\u00e1ramek ru\u010dn\u011b vyroben ze \u017elut\u00e9ho zlata 14 kr .<\/p>\n<p>K n\u00e1ramku lze vyrobit i n\u00e1hrdeln\u00edk.<\/p>\n<p>N\u00e1ramek se m\u016f\u017ee vyrobit i\u00a0 v b\u00edl\u00e9m zlat\u011b 14 kr.<\/p>\n","protected":false},"excerpt":{"rendered":"<ul>\n<li>v\u00e1ha n\u00e1ramku 7,20g \/14 kr \/<\/li>\n<li>d\u00e9lka n\u00e1ramku 19 cm<\/li>\n<li>\u0161\u00ed\u0159e n\u00e1ramku 6,5 mm<\/li>\n<li>zap\u00edn\u00e1n\u00ed p\u00e9rov\u00fd krou\u017eek<\/li>\n<\/ul>\n","protected":false},"featured_media":1755,"template":"","meta":[],"product_cat":[36,21],"product_tag":[],"_links":{"self":[{"href":"https:\/\/zlatesperky-rb.cz\/index.php?rest_route=\/wp\/v2\/product\/1775"}],"collection":[{"href":"https:\/\/zlatesperky-rb.cz\/index.php?rest_route=\/wp\/v2\/product"}],"about":[{"href":"https:\/\/zlatesperky-rb.cz\/index.php?rest_route=\/wp\/v2\/types\/product"}],"wp:featuredmedia":[{"embeddable":true,"href":"https:\/\/zlatesperky-rb.cz\/index.php?rest_route=\/wp\/v2\/media\/1755"}],"wp:attachment":[{"href":"https:\/\/zlatesperky-rb.cz\/index.php?rest_route=%2Fwp%2Fv2%2Fmedia&parent=1775"}],"wp:term":[{"taxonomy":"product_cat","embeddable":true,"href":"https:\/\/zlatesperky-rb.cz\/index.php?rest_route=%2Fwp%2Fv2%2Fproduct_cat&post=1775"},{"taxonomy":"product_tag","embeddable":true,"href":"https:\/\/zlatesperky-rb.cz\/index.php?rest_route=%2Fwp%2Fv2%2Fproduct_tag&post=1775"}],"curies":[{"name":"wp","href":"https:\/\/api.w.org\/{rel}","templated":true}]}}