{"id":1776,"date":"2021-10-26T19:15:45","date_gmt":"2021-10-26T19:15:45","guid":{"rendered":"http:\/\/www.zlatesperkyrb.cz.uvirt111.active24.cz\/?post_type=product&#038;p=1776"},"modified":"2026-03-15T12:45:25","modified_gmt":"2026-03-15T12:45:25","slug":"naramek-27","status":"publish","type":"product","link":"https:\/\/zlatesperky-rb.cz\/?product=naramek-27","title":{"rendered":"N\u00e1ramek"},"content":{"rendered":"<p style=\"text-align: left;\">Zlat\u00fd n\u00e1ramek vyroben ze 14 kr \u017elut\u00e9ho zlata, n\u00e1ramek je ploch\u00fd, zdoben\u00fd odleh\u010den\u00fdmi desti\u010dkami.<\/p>\n<p>N\u00e1ramek je velmi obl\u00edben\u00fd.<\/p>\n","protected":false},"excerpt":{"rendered":"<ul>\n<li>v\u00e1ha n\u00e1ramku 3,g \/14 kr \/<\/li>\n<li>d\u00e9lka n\u00e1ramku 18 cm<\/li>\n<li>\u0161\u00ed\u0159e n\u00e1ramku 4mm<\/li>\n<li>zap\u00edn\u00e1n\u00ed\u00a0 karabinka 14 kr<\/li>\n<\/ul>\n","protected":false},"featured_media":1759,"template":"","meta":[],"product_cat":[36,21],"product_tag":[],"_links":{"self":[{"href":"https:\/\/zlatesperky-rb.cz\/index.php?rest_route=\/wp\/v2\/product\/1776"}],"collection":[{"href":"https:\/\/zlatesperky-rb.cz\/index.php?rest_route=\/wp\/v2\/product"}],"about":[{"href":"https:\/\/zlatesperky-rb.cz\/index.php?rest_route=\/wp\/v2\/types\/product"}],"wp:featuredmedia":[{"embeddable":true,"href":"https:\/\/zlatesperky-rb.cz\/index.php?rest_route=\/wp\/v2\/media\/1759"}],"wp:attachment":[{"href":"https:\/\/zlatesperky-rb.cz\/index.php?rest_route=%2Fwp%2Fv2%2Fmedia&parent=1776"}],"wp:term":[{"taxonomy":"product_cat","embeddable":true,"href":"https:\/\/zlatesperky-rb.cz\/index.php?rest_route=%2Fwp%2Fv2%2Fproduct_cat&post=1776"},{"taxonomy":"product_tag","embeddable":true,"href":"https:\/\/zlatesperky-rb.cz\/index.php?rest_route=%2Fwp%2Fv2%2Fproduct_tag&post=1776"}],"curies":[{"name":"wp","href":"https:\/\/api.w.org\/{rel}","templated":true}]}}