{"id":1777,"date":"2021-10-26T19:17:36","date_gmt":"2021-10-26T19:17:36","guid":{"rendered":"http:\/\/www.zlatesperkyrb.cz.uvirt111.active24.cz\/?post_type=product&#038;p=1777"},"modified":"2026-03-19T22:12:40","modified_gmt":"2026-03-19T22:12:40","slug":"naramek-28","status":"publish","type":"product","link":"https:\/\/zlatesperky-rb.cz\/?product=naramek-28","title":{"rendered":"N\u00e1ramek"},"content":{"rendered":"<p style=\"text-align: left;\">N\u00e1ramek vyroben ze \u017elut\u00e9ho zlata 14 kr.\u00a0je jemn\u00fd\u00a0 dvojit\u00fd ploch\u00fd.<\/p>\n","protected":false},"excerpt":{"rendered":"<ul>\n<li>v\u00e1ha n\u00e1ramku 1,3 g \/ 14 kr \/<\/li>\n<li>d\u00e9lka n\u00e1ramku 19 cm<\/li>\n<li>\u0161\u00ed\u0159e n\u00e1ramku 2,2mm<\/li>\n<li>zap\u00edn\u00e1n\u00ed p\u00e9rov\u00fd krou\u017eek<\/li>\n<\/ul>\n","protected":false},"featured_media":1761,"template":"","meta":[],"product_cat":[36,21],"product_tag":[],"_links":{"self":[{"href":"https:\/\/zlatesperky-rb.cz\/index.php?rest_route=\/wp\/v2\/product\/1777"}],"collection":[{"href":"https:\/\/zlatesperky-rb.cz\/index.php?rest_route=\/wp\/v2\/product"}],"about":[{"href":"https:\/\/zlatesperky-rb.cz\/index.php?rest_route=\/wp\/v2\/types\/product"}],"wp:featuredmedia":[{"embeddable":true,"href":"https:\/\/zlatesperky-rb.cz\/index.php?rest_route=\/wp\/v2\/media\/1761"}],"wp:attachment":[{"href":"https:\/\/zlatesperky-rb.cz\/index.php?rest_route=%2Fwp%2Fv2%2Fmedia&parent=1777"}],"wp:term":[{"taxonomy":"product_cat","embeddable":true,"href":"https:\/\/zlatesperky-rb.cz\/index.php?rest_route=%2Fwp%2Fv2%2Fproduct_cat&post=1777"},{"taxonomy":"product_tag","embeddable":true,"href":"https:\/\/zlatesperky-rb.cz\/index.php?rest_route=%2Fwp%2Fv2%2Fproduct_tag&post=1777"}],"curies":[{"name":"wp","href":"https:\/\/api.w.org\/{rel}","templated":true}]}}