{"id":1778,"date":"2021-10-26T19:19:34","date_gmt":"2021-10-26T19:19:34","guid":{"rendered":"http:\/\/www.zlatesperkyrb.cz.uvirt111.active24.cz\/?post_type=product&#038;p=1778"},"modified":"2026-03-15T12:46:20","modified_gmt":"2026-03-15T12:46:20","slug":"naramek-29","status":"publish","type":"product","link":"https:\/\/zlatesperky-rb.cz\/?product=naramek-29","title":{"rendered":"N\u00e1ramek"},"content":{"rendered":"<p style=\"text-align: left;\">Zlat\u00fd n\u00e1ramek vyroben ze 14 kr zlata dvojit\u00fd,n\u00e1ramek je l\u00edbiv\u00fd dob\u0159e se nos\u00ed.<\/p>\n","protected":false},"excerpt":{"rendered":"<ul>\n<li>v\u00e1ha n\u00e1ramku 6,90 g \/14 kr \/<\/li>\n<li>d\u00e9lka n\u00e1ramku 19,5 mm<\/li>\n<li>zap\u00edn\u00e1n\u00ed karabinka<\/li>\n<\/ul>\n","protected":false},"featured_media":1763,"template":"","meta":[],"product_cat":[36,21],"product_tag":[],"_links":{"self":[{"href":"https:\/\/zlatesperky-rb.cz\/index.php?rest_route=\/wp\/v2\/product\/1778"}],"collection":[{"href":"https:\/\/zlatesperky-rb.cz\/index.php?rest_route=\/wp\/v2\/product"}],"about":[{"href":"https:\/\/zlatesperky-rb.cz\/index.php?rest_route=\/wp\/v2\/types\/product"}],"wp:featuredmedia":[{"embeddable":true,"href":"https:\/\/zlatesperky-rb.cz\/index.php?rest_route=\/wp\/v2\/media\/1763"}],"wp:attachment":[{"href":"https:\/\/zlatesperky-rb.cz\/index.php?rest_route=%2Fwp%2Fv2%2Fmedia&parent=1778"}],"wp:term":[{"taxonomy":"product_cat","embeddable":true,"href":"https:\/\/zlatesperky-rb.cz\/index.php?rest_route=%2Fwp%2Fv2%2Fproduct_cat&post=1778"},{"taxonomy":"product_tag","embeddable":true,"href":"https:\/\/zlatesperky-rb.cz\/index.php?rest_route=%2Fwp%2Fv2%2Fproduct_tag&post=1778"}],"curies":[{"name":"wp","href":"https:\/\/api.w.org\/{rel}","templated":true}]}}