{"id":1779,"date":"2021-10-26T19:24:47","date_gmt":"2021-10-26T19:24:47","guid":{"rendered":"http:\/\/www.zlatesperkyrb.cz.uvirt111.active24.cz\/?post_type=product&#038;p=1779"},"modified":"2026-03-19T22:13:20","modified_gmt":"2026-03-19T22:13:20","slug":"naramek-30","status":"publish","type":"product","link":"https:\/\/zlatesperky-rb.cz\/?product=naramek-30","title":{"rendered":"N\u00e1ramek"},"content":{"rendered":"<p style=\"text-align: left;\">N\u00e1ramek zlat\u00fd jemn\u00fd \/ ankr \/ vyroben ze 14 kr \u017elut\u00e9ho zlata zdoben mal\u00fdm srd\u00ed\u010dkem u karabinky.<\/p>\n","protected":false},"excerpt":{"rendered":"<ul>\n<li>v\u00e1ha n\u00e1ramku 1,35 g \/ 14 kr \/<\/li>\n<li>d\u00e9lka n\u00e1ramku 18,5 cm<\/li>\n<li>zap\u00edn\u00e1n\u00ed karabinka 14 kr<\/li>\n<\/ul>\n","protected":false},"featured_media":1765,"template":"","meta":[],"product_cat":[36,21],"product_tag":[],"_links":{"self":[{"href":"https:\/\/zlatesperky-rb.cz\/index.php?rest_route=\/wp\/v2\/product\/1779"}],"collection":[{"href":"https:\/\/zlatesperky-rb.cz\/index.php?rest_route=\/wp\/v2\/product"}],"about":[{"href":"https:\/\/zlatesperky-rb.cz\/index.php?rest_route=\/wp\/v2\/types\/product"}],"wp:featuredmedia":[{"embeddable":true,"href":"https:\/\/zlatesperky-rb.cz\/index.php?rest_route=\/wp\/v2\/media\/1765"}],"wp:attachment":[{"href":"https:\/\/zlatesperky-rb.cz\/index.php?rest_route=%2Fwp%2Fv2%2Fmedia&parent=1779"}],"wp:term":[{"taxonomy":"product_cat","embeddable":true,"href":"https:\/\/zlatesperky-rb.cz\/index.php?rest_route=%2Fwp%2Fv2%2Fproduct_cat&post=1779"},{"taxonomy":"product_tag","embeddable":true,"href":"https:\/\/zlatesperky-rb.cz\/index.php?rest_route=%2Fwp%2Fv2%2Fproduct_tag&post=1779"}],"curies":[{"name":"wp","href":"https:\/\/api.w.org\/{rel}","templated":true}]}}