{"id":1783,"date":"2021-10-26T19:40:12","date_gmt":"2021-10-26T19:40:12","guid":{"rendered":"http:\/\/www.zlatesperkyrb.cz.uvirt111.active24.cz\/?post_type=product&#038;p=1783"},"modified":"2021-11-03T18:09:44","modified_gmt":"2021-11-03T18:09:44","slug":"naramek-34","status":"publish","type":"product","link":"https:\/\/zlatesperky-rb.cz\/?product=naramek-34","title":{"rendered":"N\u00e1ramek"},"content":{"rendered":"<p style=\"text-align: left;\">Perlov\u00fd n\u00e1ramek navle\u010den na gumi\u010dce s p\u0159\u00edrodn\u00edmi perlami zdoben zlatou ma\u0161li\u010dkou.<\/p>\n","protected":false},"excerpt":{"rendered":"<ul>\n<li>n\u00e1ramky perlov\u00fd<\/li>\n<li>velikost perel\u00a0 6,5 &#8211; 7 mm<\/li>\n<li>velikost n\u00e1ramku vnit\u0159n\u00ed pr\u016fm\u011br 55 mm<\/li>\n<li>velikost ma\u0161li\u010dky 9 x 10 mm<\/li>\n<li>cena n\u00e1ramku ve \u017elut\u00e9m zlat\u011b 6400 k\u010d \/ 1g 14 kr\/<\/li>\n<li>cena n\u00e1ramku v b\u00edl\u00e9m zlat\u011b 7900 k\u010d\u00a0 \/1,60 g 14 kr\/<\/li>\n<\/ul>\n","protected":false},"featured_media":1785,"template":"","meta":[],"product_cat":[35,36,21],"product_tag":[],"_links":{"self":[{"href":"https:\/\/zlatesperky-rb.cz\/index.php?rest_route=\/wp\/v2\/product\/1783"}],"collection":[{"href":"https:\/\/zlatesperky-rb.cz\/index.php?rest_route=\/wp\/v2\/product"}],"about":[{"href":"https:\/\/zlatesperky-rb.cz\/index.php?rest_route=\/wp\/v2\/types\/product"}],"wp:featuredmedia":[{"embeddable":true,"href":"https:\/\/zlatesperky-rb.cz\/index.php?rest_route=\/wp\/v2\/media\/1785"}],"wp:attachment":[{"href":"https:\/\/zlatesperky-rb.cz\/index.php?rest_route=%2Fwp%2Fv2%2Fmedia&parent=1783"}],"wp:term":[{"taxonomy":"product_cat","embeddable":true,"href":"https:\/\/zlatesperky-rb.cz\/index.php?rest_route=%2Fwp%2Fv2%2Fproduct_cat&post=1783"},{"taxonomy":"product_tag","embeddable":true,"href":"https:\/\/zlatesperky-rb.cz\/index.php?rest_route=%2Fwp%2Fv2%2Fproduct_tag&post=1783"}],"curies":[{"name":"wp","href":"https:\/\/api.w.org\/{rel}","templated":true}]}}