{"id":1804,"date":"2021-10-26T20:03:03","date_gmt":"2021-10-26T20:03:03","guid":{"rendered":"http:\/\/www.zlatesperkyrb.cz.uvirt111.active24.cz\/?post_type=product&#038;p=1804"},"modified":"2021-11-01T16:19:36","modified_gmt":"2021-11-01T16:19:36","slug":"privesek-6","status":"publish","type":"product","link":"https:\/\/zlatesperky-rb.cz\/?product=privesek-6","title":{"rendered":"P\u0159\u00edv\u011bsek"},"content":{"rendered":"<p style=\"text-align: left;\">Zlat\u00fd p\u0159\u00edv\u011bsek k\u0159\u00ed\u017eek vyroben z b\u00edl\u00e9ho 14 kr zlata uprost\u0159ed je zdoben matovanou ryskou.<\/p>\n","protected":false},"excerpt":{"rendered":"<ul>\n<li>v\u00e1ha p\u0159\u00edv\u011bsku\u00a0 1,40 g \/ 14 kr \/<\/li>\n<li>velikost p\u0159\u00edv\u011bsku 29 x 13 mm<\/li>\n<li>s\u00edla p\u0159\u00edv\u011bsku 1,20mm<\/li>\n<li>\u0161\u00ed\u0159e ramen 3 mm<\/li>\n<\/ul>\n","protected":false},"featured_media":1793,"template":"","meta":[],"product_cat":[37,23],"product_tag":[],"_links":{"self":[{"href":"https:\/\/zlatesperky-rb.cz\/index.php?rest_route=\/wp\/v2\/product\/1804"}],"collection":[{"href":"https:\/\/zlatesperky-rb.cz\/index.php?rest_route=\/wp\/v2\/product"}],"about":[{"href":"https:\/\/zlatesperky-rb.cz\/index.php?rest_route=\/wp\/v2\/types\/product"}],"wp:featuredmedia":[{"embeddable":true,"href":"https:\/\/zlatesperky-rb.cz\/index.php?rest_route=\/wp\/v2\/media\/1793"}],"wp:attachment":[{"href":"https:\/\/zlatesperky-rb.cz\/index.php?rest_route=%2Fwp%2Fv2%2Fmedia&parent=1804"}],"wp:term":[{"taxonomy":"product_cat","embeddable":true,"href":"https:\/\/zlatesperky-rb.cz\/index.php?rest_route=%2Fwp%2Fv2%2Fproduct_cat&post=1804"},{"taxonomy":"product_tag","embeddable":true,"href":"https:\/\/zlatesperky-rb.cz\/index.php?rest_route=%2Fwp%2Fv2%2Fproduct_tag&post=1804"}],"curies":[{"name":"wp","href":"https:\/\/api.w.org\/{rel}","templated":true}]}}