{"id":1806,"date":"2021-10-26T20:06:13","date_gmt":"2021-10-26T20:06:13","guid":{"rendered":"http:\/\/www.zlatesperkyrb.cz.uvirt111.active24.cz\/?post_type=product&#038;p=1806"},"modified":"2021-11-01T16:08:33","modified_gmt":"2021-11-01T16:08:33","slug":"privesek-8","status":"publish","type":"product","link":"https:\/\/zlatesperky-rb.cz\/?product=privesek-8","title":{"rendered":"P\u0159\u00edv\u011bsek"},"content":{"rendered":"<p style=\"text-align: left;\">Zlat\u00fd p\u0159\u00edv\u011bsek k\u0159\u00ed\u017eek ru\u010dn\u011b vyroben ze 14 kr b\u00edl\u00e9ho zlata.<\/p>\n","protected":false},"excerpt":{"rendered":"<ul>\n<li>v\u00e1ha p\u0159\u00edv\u011bsku 1,5 g \/ 14 kr \/<\/li>\n<li>velikost p\u0159\u00edv\u011bsku 34 x 16 mm<\/li>\n<li>s\u00edla p\u0159\u00edv\u011bsku 1,5 mm x 1,5 mm<\/li>\n<\/ul>\n","protected":false},"featured_media":1795,"template":"","meta":[],"product_cat":[37,23],"product_tag":[],"_links":{"self":[{"href":"https:\/\/zlatesperky-rb.cz\/index.php?rest_route=\/wp\/v2\/product\/1806"}],"collection":[{"href":"https:\/\/zlatesperky-rb.cz\/index.php?rest_route=\/wp\/v2\/product"}],"about":[{"href":"https:\/\/zlatesperky-rb.cz\/index.php?rest_route=\/wp\/v2\/types\/product"}],"wp:featuredmedia":[{"embeddable":true,"href":"https:\/\/zlatesperky-rb.cz\/index.php?rest_route=\/wp\/v2\/media\/1795"}],"wp:attachment":[{"href":"https:\/\/zlatesperky-rb.cz\/index.php?rest_route=%2Fwp%2Fv2%2Fmedia&parent=1806"}],"wp:term":[{"taxonomy":"product_cat","embeddable":true,"href":"https:\/\/zlatesperky-rb.cz\/index.php?rest_route=%2Fwp%2Fv2%2Fproduct_cat&post=1806"},{"taxonomy":"product_tag","embeddable":true,"href":"https:\/\/zlatesperky-rb.cz\/index.php?rest_route=%2Fwp%2Fv2%2Fproduct_tag&post=1806"}],"curies":[{"name":"wp","href":"https:\/\/api.w.org\/{rel}","templated":true}]}}