{"id":1810,"date":"2021-10-26T20:11:59","date_gmt":"2021-10-26T20:11:59","guid":{"rendered":"http:\/\/www.zlatesperkyrb.cz.uvirt111.active24.cz\/?post_type=product&#038;p=1810"},"modified":"2026-03-15T12:02:38","modified_gmt":"2026-03-15T12:02:38","slug":"privesek-12","status":"publish","type":"product","link":"https:\/\/zlatesperky-rb.cz\/?product=privesek-12","title":{"rendered":"P\u0159\u00edv\u011bsek kyti\u010dka"},"content":{"rendered":"<p style=\"text-align: left;\">P\u0159\u00edv\u011bsek zlat\u00e1 kyti\u010dka zdoben\u00e1 b\u00edl\u00fdmi zirkony vyrobena ze 14 kr b\u00edl\u00e9ho zlata.<\/p>\n","protected":false},"excerpt":{"rendered":"<ul>\n<li>v\u00e1ha p\u0159\u00edv\u011bsku 0,40g \/14kr\/<\/li>\n<li>velikost p\u0159\u00edv\u011bsku 10 x 6 mm<\/li>\n<\/ul>\n<p>&nbsp;<\/p>\n<p>&nbsp;<\/p>\n<p>&nbsp;<\/p>\n<p>&nbsp;<\/p>\n<p>&nbsp;<\/p>\n<p>&nbsp;<\/p>\n<p>&nbsp;<\/p>\n<p>&nbsp;<\/p>\n<p>&nbsp;<\/p>\n<p>&nbsp;<\/p>\n<p>&nbsp;<\/p>\n","protected":false},"featured_media":1799,"template":"","meta":[],"product_cat":[37,23],"product_tag":[],"_links":{"self":[{"href":"https:\/\/zlatesperky-rb.cz\/index.php?rest_route=\/wp\/v2\/product\/1810"}],"collection":[{"href":"https:\/\/zlatesperky-rb.cz\/index.php?rest_route=\/wp\/v2\/product"}],"about":[{"href":"https:\/\/zlatesperky-rb.cz\/index.php?rest_route=\/wp\/v2\/types\/product"}],"wp:featuredmedia":[{"embeddable":true,"href":"https:\/\/zlatesperky-rb.cz\/index.php?rest_route=\/wp\/v2\/media\/1799"}],"wp:attachment":[{"href":"https:\/\/zlatesperky-rb.cz\/index.php?rest_route=%2Fwp%2Fv2%2Fmedia&parent=1810"}],"wp:term":[{"taxonomy":"product_cat","embeddable":true,"href":"https:\/\/zlatesperky-rb.cz\/index.php?rest_route=%2Fwp%2Fv2%2Fproduct_cat&post=1810"},{"taxonomy":"product_tag","embeddable":true,"href":"https:\/\/zlatesperky-rb.cz\/index.php?rest_route=%2Fwp%2Fv2%2Fproduct_tag&post=1810"}],"curies":[{"name":"wp","href":"https:\/\/api.w.org\/{rel}","templated":true}]}}