{"id":184,"date":"2021-08-17T23:18:23","date_gmt":"2021-08-17T23:18:23","guid":{"rendered":"http:\/\/www.zlatesperkyrb.cz.uvirt111.active24.cz\/?post_type=product&#038;p=184"},"modified":"2026-03-15T12:27:33","modified_gmt":"2026-03-15T12:27:33","slug":"zlaty-naramek","status":"publish","type":"product","link":"https:\/\/zlatesperky-rb.cz\/?product=zlaty-naramek","title":{"rendered":"Zlat\u00fd n\u00e1ramek"},"content":{"rendered":"<ul>\n<li>N\u00e1ramek\u00a0 ve 14 kr zlat\u011b s p\u0159\u00edrodn\u00edm horsk\u00fdm k\u0159i\u0161t\u00e1lem<\/li>\n<li>N\u00e1ramek m\u00e1 dva centr\u00e1ln\u00ed\u00a0 kameny\u00a0 vybrou\u0161en\u00e9 do\u00a0 ROUTY<\/li>\n<li>N\u00e1ramek je z pln\u00e9ho zlata\u00a0 Masiv<\/li>\n<li>N\u00e1ramek lze vyrobit i s jin\u00fdm p\u0159\u00edrodn\u00edm kamenem \u010di perlou .<\/li>\n<\/ul>\n","protected":false},"excerpt":{"rendered":"<ul>\n<li>pr\u016fm\u011br n\u00e1ramku 6,2 cm<\/li>\n<li>v\u00e1ha n\u00e1ramku 11,45 g<\/li>\n<li>velikost kamenu 10 mm,<\/li>\n<\/ul>\n","protected":false},"featured_media":1268,"template":"","meta":[],"product_cat":[21],"product_tag":[],"_links":{"self":[{"href":"https:\/\/zlatesperky-rb.cz\/index.php?rest_route=\/wp\/v2\/product\/184"}],"collection":[{"href":"https:\/\/zlatesperky-rb.cz\/index.php?rest_route=\/wp\/v2\/product"}],"about":[{"href":"https:\/\/zlatesperky-rb.cz\/index.php?rest_route=\/wp\/v2\/types\/product"}],"wp:featuredmedia":[{"embeddable":true,"href":"https:\/\/zlatesperky-rb.cz\/index.php?rest_route=\/wp\/v2\/media\/1268"}],"wp:attachment":[{"href":"https:\/\/zlatesperky-rb.cz\/index.php?rest_route=%2Fwp%2Fv2%2Fmedia&parent=184"}],"wp:term":[{"taxonomy":"product_cat","embeddable":true,"href":"https:\/\/zlatesperky-rb.cz\/index.php?rest_route=%2Fwp%2Fv2%2Fproduct_cat&post=184"},{"taxonomy":"product_tag","embeddable":true,"href":"https:\/\/zlatesperky-rb.cz\/index.php?rest_route=%2Fwp%2Fv2%2Fproduct_tag&post=184"}],"curies":[{"name":"wp","href":"https:\/\/api.w.org\/{rel}","templated":true}]}}