{"id":1859,"date":"2021-11-02T12:10:19","date_gmt":"2021-11-02T12:10:19","guid":{"rendered":"http:\/\/www.zlatesperkyrb.cz.uvirt111.active24.cz\/?post_type=product&#038;p=1859"},"modified":"2021-11-03T17:46:44","modified_gmt":"2021-11-03T17:46:44","slug":"privesek-14","status":"publish","type":"product","link":"https:\/\/zlatesperky-rb.cz\/?product=privesek-14","title":{"rendered":"P\u0159\u00edv\u011bsek"},"content":{"rendered":"<p style=\"text-align: left;\">Zlat\u00fd p\u0159\u00edv\u011bsek k\u0159\u00ed\u017eek vyroben ru\u010dn\u011b ze 14 kr zlata.<\/p>\n<p>P\u0159\u00edv\u011bsek lze vyrobit i z b\u00edl\u00e9ho nebo r\u016f\u017eov\u00e9ho zlata i jin\u00fdch rozm\u011br\u016f.<\/p>\n","protected":false},"excerpt":{"rendered":"<ul>\n<li>v\u00e1ha p\u0159\u00edv\u011bsku 0,35 g \/14 kr \/<\/li>\n<li>velikost p\u0159\u00edv\u011bsku 21 x 10 mm<\/li>\n<\/ul>\n","protected":false},"featured_media":1813,"template":"","meta":[],"product_cat":[38],"product_tag":[],"_links":{"self":[{"href":"https:\/\/zlatesperky-rb.cz\/index.php?rest_route=\/wp\/v2\/product\/1859"}],"collection":[{"href":"https:\/\/zlatesperky-rb.cz\/index.php?rest_route=\/wp\/v2\/product"}],"about":[{"href":"https:\/\/zlatesperky-rb.cz\/index.php?rest_route=\/wp\/v2\/types\/product"}],"wp:featuredmedia":[{"embeddable":true,"href":"https:\/\/zlatesperky-rb.cz\/index.php?rest_route=\/wp\/v2\/media\/1813"}],"wp:attachment":[{"href":"https:\/\/zlatesperky-rb.cz\/index.php?rest_route=%2Fwp%2Fv2%2Fmedia&parent=1859"}],"wp:term":[{"taxonomy":"product_cat","embeddable":true,"href":"https:\/\/zlatesperky-rb.cz\/index.php?rest_route=%2Fwp%2Fv2%2Fproduct_cat&post=1859"},{"taxonomy":"product_tag","embeddable":true,"href":"https:\/\/zlatesperky-rb.cz\/index.php?rest_route=%2Fwp%2Fv2%2Fproduct_tag&post=1859"}],"curies":[{"name":"wp","href":"https:\/\/api.w.org\/{rel}","templated":true}]}}