{"id":1897,"date":"2021-11-03T20:26:22","date_gmt":"2021-11-03T20:26:22","guid":{"rendered":"http:\/\/www.zlatesperkyrb.cz.uvirt111.active24.cz\/?post_type=product&#038;p=1897"},"modified":"2021-11-05T13:28:49","modified_gmt":"2021-11-05T13:28:49","slug":"privesek-16","status":"publish","type":"product","link":"https:\/\/zlatesperky-rb.cz\/?product=privesek-16","title":{"rendered":"P\u0159\u00edv\u011bsek"},"content":{"rendered":"<p style=\"text-align: left;\">P\u0159\u00edv\u011bsek \u0161t\u011bst\u00ed\u00a0 je slon.<\/p>\n<p>N\u00e1\u0161 p\u0159\u00edv\u011bsek\u00a0 slon je vyroben ze 14 kr \u017elut\u00e9ho zlata a je dut\u00fd.<\/p>\n","protected":false},"excerpt":{"rendered":"<ul>\n<li>v\u00e1ha p\u0159\u00edv\u011bsku 1,0g \/14 kr \/<\/li>\n<li>velikost p\u0159\u00edv\u011bsku\u00a0 17 x15 mm<\/li>\n<\/ul>\n","protected":false},"featured_media":1815,"template":"","meta":[],"product_cat":[38],"product_tag":[],"_links":{"self":[{"href":"https:\/\/zlatesperky-rb.cz\/index.php?rest_route=\/wp\/v2\/product\/1897"}],"collection":[{"href":"https:\/\/zlatesperky-rb.cz\/index.php?rest_route=\/wp\/v2\/product"}],"about":[{"href":"https:\/\/zlatesperky-rb.cz\/index.php?rest_route=\/wp\/v2\/types\/product"}],"wp:featuredmedia":[{"embeddable":true,"href":"https:\/\/zlatesperky-rb.cz\/index.php?rest_route=\/wp\/v2\/media\/1815"}],"wp:attachment":[{"href":"https:\/\/zlatesperky-rb.cz\/index.php?rest_route=%2Fwp%2Fv2%2Fmedia&parent=1897"}],"wp:term":[{"taxonomy":"product_cat","embeddable":true,"href":"https:\/\/zlatesperky-rb.cz\/index.php?rest_route=%2Fwp%2Fv2%2Fproduct_cat&post=1897"},{"taxonomy":"product_tag","embeddable":true,"href":"https:\/\/zlatesperky-rb.cz\/index.php?rest_route=%2Fwp%2Fv2%2Fproduct_tag&post=1897"}],"curies":[{"name":"wp","href":"https:\/\/api.w.org\/{rel}","templated":true}]}}