{"id":1901,"date":"2021-11-03T20:33:43","date_gmt":"2021-11-03T20:33:43","guid":{"rendered":"http:\/\/www.zlatesperkyrb.cz.uvirt111.active24.cz\/?post_type=product&#038;p=1901"},"modified":"2021-11-05T13:04:45","modified_gmt":"2021-11-05T13:04:45","slug":"privesek-20","status":"publish","type":"product","link":"https:\/\/zlatesperky-rb.cz\/?product=privesek-20","title":{"rendered":"P\u0159\u00edv\u011bsek"},"content":{"rendered":"<p>P\u0159\u00edv\u011bsek zlat\u00fd delf\u00edni\u00a0 vyroben ze 14 kr \u017elut\u00e9ho zlata.<\/p>\n","protected":false},"excerpt":{"rendered":"<ul>\n<li>v\u00e1ha p\u0159\u00edv\u011bsku 1,10 g \/ 14 kr \/<\/li>\n<li>velikost p\u0159\u00edv\u011bsku 25 x 15 mm<\/li>\n<\/ul>\n","protected":false},"featured_media":1819,"template":"","meta":[],"product_cat":[38],"product_tag":[],"_links":{"self":[{"href":"https:\/\/zlatesperky-rb.cz\/index.php?rest_route=\/wp\/v2\/product\/1901"}],"collection":[{"href":"https:\/\/zlatesperky-rb.cz\/index.php?rest_route=\/wp\/v2\/product"}],"about":[{"href":"https:\/\/zlatesperky-rb.cz\/index.php?rest_route=\/wp\/v2\/types\/product"}],"wp:featuredmedia":[{"embeddable":true,"href":"https:\/\/zlatesperky-rb.cz\/index.php?rest_route=\/wp\/v2\/media\/1819"}],"wp:attachment":[{"href":"https:\/\/zlatesperky-rb.cz\/index.php?rest_route=%2Fwp%2Fv2%2Fmedia&parent=1901"}],"wp:term":[{"taxonomy":"product_cat","embeddable":true,"href":"https:\/\/zlatesperky-rb.cz\/index.php?rest_route=%2Fwp%2Fv2%2Fproduct_cat&post=1901"},{"taxonomy":"product_tag","embeddable":true,"href":"https:\/\/zlatesperky-rb.cz\/index.php?rest_route=%2Fwp%2Fv2%2Fproduct_tag&post=1901"}],"curies":[{"name":"wp","href":"https:\/\/api.w.org\/{rel}","templated":true}]}}