{"id":1903,"date":"2021-11-03T20:36:15","date_gmt":"2021-11-03T20:36:15","guid":{"rendered":"http:\/\/www.zlatesperkyrb.cz.uvirt111.active24.cz\/?post_type=product&#038;p=1903"},"modified":"2021-11-05T12:55:47","modified_gmt":"2021-11-05T12:55:47","slug":"privesek-22","status":"publish","type":"product","link":"https:\/\/zlatesperky-rb.cz\/?product=privesek-22","title":{"rendered":"P\u0159\u00edv\u011bsek"},"content":{"rendered":"<p style=\"text-align: left;\">P\u0159\u00edv\u011bsek zlat\u00e1 \/lodi\u010dka \/ vyrobena ze 14 kr \u017elut\u00e9ho zlata.<\/p>\n<p>P\u0159\u00edv\u011bsek se hod\u00ed jako ozdoba na n\u00e1ramek.<\/p>\n","protected":false},"excerpt":{"rendered":"<ul>\n<li>v\u00e1ha p\u0159\u00edv\u011bsku 1,35 g \/ 14 kr \/<\/li>\n<li>velikost p\u0159\u00edv\u011bsku\u00a0 23 x 10 mm<\/li>\n<\/ul>\n","protected":false},"featured_media":1821,"template":"","meta":[],"product_cat":[38],"product_tag":[],"_links":{"self":[{"href":"https:\/\/zlatesperky-rb.cz\/index.php?rest_route=\/wp\/v2\/product\/1903"}],"collection":[{"href":"https:\/\/zlatesperky-rb.cz\/index.php?rest_route=\/wp\/v2\/product"}],"about":[{"href":"https:\/\/zlatesperky-rb.cz\/index.php?rest_route=\/wp\/v2\/types\/product"}],"wp:featuredmedia":[{"embeddable":true,"href":"https:\/\/zlatesperky-rb.cz\/index.php?rest_route=\/wp\/v2\/media\/1821"}],"wp:attachment":[{"href":"https:\/\/zlatesperky-rb.cz\/index.php?rest_route=%2Fwp%2Fv2%2Fmedia&parent=1903"}],"wp:term":[{"taxonomy":"product_cat","embeddable":true,"href":"https:\/\/zlatesperky-rb.cz\/index.php?rest_route=%2Fwp%2Fv2%2Fproduct_cat&post=1903"},{"taxonomy":"product_tag","embeddable":true,"href":"https:\/\/zlatesperky-rb.cz\/index.php?rest_route=%2Fwp%2Fv2%2Fproduct_tag&post=1903"}],"curies":[{"name":"wp","href":"https:\/\/api.w.org\/{rel}","templated":true}]}}