{"id":1906,"date":"2021-11-03T20:39:05","date_gmt":"2021-11-03T20:39:05","guid":{"rendered":"http:\/\/www.zlatesperkyrb.cz.uvirt111.active24.cz\/?post_type=product&#038;p=1906"},"modified":"2021-11-05T11:30:16","modified_gmt":"2021-11-05T11:30:16","slug":"privesek-25","status":"publish","type":"product","link":"https:\/\/zlatesperky-rb.cz\/?product=privesek-25","title":{"rendered":"P\u0159\u00edv\u011bsek"},"content":{"rendered":"<p style=\"text-align: left;\">Zlat\u00fd p\u0159\u00edv\u011bsek vyroben ze 14 kr \u017elut\u00e9ho zlata,dv\u011b stopy.<\/p>\n<p>P\u0159\u00edv\u011bsek se hod\u00ed na p\u0159\u00edv\u011bskov\u00fd n\u00e1ramek a nebo k narozen\u00ed miminka.<\/p>\n","protected":false},"excerpt":{"rendered":"<ul>\n<li>v\u00e1ha p\u0159\u00edv\u011bsku 0,60 g \/14 kr \/<\/li>\n<li>velikost p\u0159\u00edv\u011bsku 15 x 7 mm<\/li>\n<\/ul>\n","protected":false},"featured_media":1824,"template":"","meta":[],"product_cat":[38],"product_tag":[],"_links":{"self":[{"href":"https:\/\/zlatesperky-rb.cz\/index.php?rest_route=\/wp\/v2\/product\/1906"}],"collection":[{"href":"https:\/\/zlatesperky-rb.cz\/index.php?rest_route=\/wp\/v2\/product"}],"about":[{"href":"https:\/\/zlatesperky-rb.cz\/index.php?rest_route=\/wp\/v2\/types\/product"}],"wp:featuredmedia":[{"embeddable":true,"href":"https:\/\/zlatesperky-rb.cz\/index.php?rest_route=\/wp\/v2\/media\/1824"}],"wp:attachment":[{"href":"https:\/\/zlatesperky-rb.cz\/index.php?rest_route=%2Fwp%2Fv2%2Fmedia&parent=1906"}],"wp:term":[{"taxonomy":"product_cat","embeddable":true,"href":"https:\/\/zlatesperky-rb.cz\/index.php?rest_route=%2Fwp%2Fv2%2Fproduct_cat&post=1906"},{"taxonomy":"product_tag","embeddable":true,"href":"https:\/\/zlatesperky-rb.cz\/index.php?rest_route=%2Fwp%2Fv2%2Fproduct_tag&post=1906"}],"curies":[{"name":"wp","href":"https:\/\/api.w.org\/{rel}","templated":true}]}}