{"id":1910,"date":"2021-11-03T20:48:41","date_gmt":"2021-11-03T20:48:41","guid":{"rendered":"http:\/\/www.zlatesperkyrb.cz.uvirt111.active24.cz\/?post_type=product&#038;p=1910"},"modified":"2026-03-14T07:10:07","modified_gmt":"2026-03-14T07:10:07","slug":"nahrdelnik-9","status":"publish","type":"product","link":"https:\/\/zlatesperky-rb.cz\/?product=nahrdelnik-9","title":{"rendered":"Nahrdelnik"},"content":{"rendered":"<p>Zlat\u00fd \u0159et\u00edzek vyroben ze 14 kr b\u00edl\u00e9ho zlata.<\/p>\n<p>Srd\u00ed\u010dko uprost\u0159ed \u0159et\u00edzku je ru\u010dn\u011b vyrobeno ze 14\u00a0 kr b\u00edl\u00e9ho zlata.<\/p>\n","protected":false},"excerpt":{"rendered":"<ul>\n<li>v\u00e1ha \u0159et\u00edzku 3,25 g \/ 14 kr \/<\/li>\n<li>d\u00e9lka \u0159et\u00edzku 43 cm<\/li>\n<li>velikost srd\u00ed\u010dka 19 x 11 mm<\/li>\n<li>zap\u00edn\u00e1n\u00ed karabinka<\/li>\n<\/ul>\n","protected":false},"featured_media":1830,"template":"","meta":[],"product_cat":[33,25],"product_tag":[],"_links":{"self":[{"href":"https:\/\/zlatesperky-rb.cz\/index.php?rest_route=\/wp\/v2\/product\/1910"}],"collection":[{"href":"https:\/\/zlatesperky-rb.cz\/index.php?rest_route=\/wp\/v2\/product"}],"about":[{"href":"https:\/\/zlatesperky-rb.cz\/index.php?rest_route=\/wp\/v2\/types\/product"}],"wp:featuredmedia":[{"embeddable":true,"href":"https:\/\/zlatesperky-rb.cz\/index.php?rest_route=\/wp\/v2\/media\/1830"}],"wp:attachment":[{"href":"https:\/\/zlatesperky-rb.cz\/index.php?rest_route=%2Fwp%2Fv2%2Fmedia&parent=1910"}],"wp:term":[{"taxonomy":"product_cat","embeddable":true,"href":"https:\/\/zlatesperky-rb.cz\/index.php?rest_route=%2Fwp%2Fv2%2Fproduct_cat&post=1910"},{"taxonomy":"product_tag","embeddable":true,"href":"https:\/\/zlatesperky-rb.cz\/index.php?rest_route=%2Fwp%2Fv2%2Fproduct_tag&post=1910"}],"curies":[{"name":"wp","href":"https:\/\/api.w.org\/{rel}","templated":true}]}}