{"id":1912,"date":"2021-11-03T20:56:18","date_gmt":"2021-11-03T20:56:18","guid":{"rendered":"http:\/\/www.zlatesperkyrb.cz.uvirt111.active24.cz\/?post_type=product&#038;p=1912"},"modified":"2021-11-05T09:35:35","modified_gmt":"2021-11-05T09:35:35","slug":"privesek-26","status":"publish","type":"product","link":"https:\/\/zlatesperky-rb.cz\/?product=privesek-26","title":{"rendered":"P\u0159\u00edv\u011bsek"},"content":{"rendered":"<p style=\"text-align: left;\">P\u0159\u00edv\u011bsek Camey\u00a0 je ru\u010dn\u011b zasazen do 14 kr \u017elut\u00e9ho zlata.<\/p>\n<p>Camey je z perle\u0165i \/ Tahiti \/ je to jemn\u00fd profil d\u00edvky.<\/p>\n<p>Camey je zbarven\u00e1 od b\u00edl\u00e9 po \u0161edozelenou barvu.<\/p>\n<p>&nbsp;<\/p>\n","protected":false},"excerpt":{"rendered":"<ul>\n<li>v\u00e1ha p\u0159\u00edv\u011bsku 3,80 g \/14 kr\/<\/li>\n<li>velikost p\u0159\u00edv\u011bsku 55 x 30 mm<\/li>\n<\/ul>\n","protected":false},"featured_media":1835,"template":"","meta":[],"product_cat":[23],"product_tag":[],"_links":{"self":[{"href":"https:\/\/zlatesperky-rb.cz\/index.php?rest_route=\/wp\/v2\/product\/1912"}],"collection":[{"href":"https:\/\/zlatesperky-rb.cz\/index.php?rest_route=\/wp\/v2\/product"}],"about":[{"href":"https:\/\/zlatesperky-rb.cz\/index.php?rest_route=\/wp\/v2\/types\/product"}],"wp:featuredmedia":[{"embeddable":true,"href":"https:\/\/zlatesperky-rb.cz\/index.php?rest_route=\/wp\/v2\/media\/1835"}],"wp:attachment":[{"href":"https:\/\/zlatesperky-rb.cz\/index.php?rest_route=%2Fwp%2Fv2%2Fmedia&parent=1912"}],"wp:term":[{"taxonomy":"product_cat","embeddable":true,"href":"https:\/\/zlatesperky-rb.cz\/index.php?rest_route=%2Fwp%2Fv2%2Fproduct_cat&post=1912"},{"taxonomy":"product_tag","embeddable":true,"href":"https:\/\/zlatesperky-rb.cz\/index.php?rest_route=%2Fwp%2Fv2%2Fproduct_tag&post=1912"}],"curies":[{"name":"wp","href":"https:\/\/api.w.org\/{rel}","templated":true}]}}