{"id":2023,"date":"2021-11-11T13:51:23","date_gmt":"2021-11-11T13:51:23","guid":{"rendered":"http:\/\/www.zlatesperkyrb.cz.uvirt111.active24.cz\/?post_type=product&#038;p=2023"},"modified":"2021-11-12T14:39:45","modified_gmt":"2021-11-12T14:39:45","slug":"prsten-28","status":"publish","type":"product","link":"https:\/\/zlatesperky-rb.cz\/?product=prsten-28","title":{"rendered":"Prsten"},"content":{"rendered":"<p style=\"text-align: left;\">Zlat\u00fd prsten vyroben ze 14 kr b\u00edl\u00e9ho zlata zdoben b\u00edl\u00fdmi zirkony.<\/p>\n<p>Prsten lze vyrobit i v b\u00edl\u00e9m zlat\u011b.<\/p>\n","protected":false},"excerpt":{"rendered":"<ul>\n<li>v\u00e1ha prstenu 3,10 g \/ 14 kr \/<\/li>\n<li>velikost prstenu 58<\/li>\n<li>\u0161\u00ed\u0159e prstenu 12 mm<\/li>\n<\/ul>\n","protected":false},"featured_media":1974,"template":"","meta":[],"product_cat":[20,27],"product_tag":[],"_links":{"self":[{"href":"https:\/\/zlatesperky-rb.cz\/index.php?rest_route=\/wp\/v2\/product\/2023"}],"collection":[{"href":"https:\/\/zlatesperky-rb.cz\/index.php?rest_route=\/wp\/v2\/product"}],"about":[{"href":"https:\/\/zlatesperky-rb.cz\/index.php?rest_route=\/wp\/v2\/types\/product"}],"wp:featuredmedia":[{"embeddable":true,"href":"https:\/\/zlatesperky-rb.cz\/index.php?rest_route=\/wp\/v2\/media\/1974"}],"wp:attachment":[{"href":"https:\/\/zlatesperky-rb.cz\/index.php?rest_route=%2Fwp%2Fv2%2Fmedia&parent=2023"}],"wp:term":[{"taxonomy":"product_cat","embeddable":true,"href":"https:\/\/zlatesperky-rb.cz\/index.php?rest_route=%2Fwp%2Fv2%2Fproduct_cat&post=2023"},{"taxonomy":"product_tag","embeddable":true,"href":"https:\/\/zlatesperky-rb.cz\/index.php?rest_route=%2Fwp%2Fv2%2Fproduct_tag&post=2023"}],"curies":[{"name":"wp","href":"https:\/\/api.w.org\/{rel}","templated":true}]}}