{"id":2024,"date":"2021-11-11T13:52:49","date_gmt":"2021-11-11T13:52:49","guid":{"rendered":"http:\/\/www.zlatesperkyrb.cz.uvirt111.active24.cz\/?post_type=product&#038;p=2024"},"modified":"2021-11-12T15:04:15","modified_gmt":"2021-11-12T15:04:15","slug":"prsten-47","status":"publish","type":"product","link":"https:\/\/zlatesperky-rb.cz\/?product=prsten-47","title":{"rendered":"Prsten"},"content":{"rendered":"<p style=\"text-align: left;\">Zlat\u00fd prsten vyroben ze 14 kr b\u00edl\u00e9ho zlata zdoben b\u00edl\u00fdmi zirkony.<\/p>\n<p>Prsten lze vyrobit t\u00e9\u017e ze \u017elut\u00e9ho 14\u00a0 kr zlata a ozdobit barevn\u00fdmi zirkony.<\/p>\n","protected":false},"excerpt":{"rendered":"<ul>\n<li>v\u00e1ha prstenu 2,05 g \/ 14 kr \/<\/li>\n<li>velikost prstenu 51<\/li>\n<li>velikost zirkonu 4 mm<\/li>\n<\/ul>\n","protected":false},"featured_media":1986,"template":"","meta":[],"product_cat":[20,27],"product_tag":[],"_links":{"self":[{"href":"https:\/\/zlatesperky-rb.cz\/index.php?rest_route=\/wp\/v2\/product\/2024"}],"collection":[{"href":"https:\/\/zlatesperky-rb.cz\/index.php?rest_route=\/wp\/v2\/product"}],"about":[{"href":"https:\/\/zlatesperky-rb.cz\/index.php?rest_route=\/wp\/v2\/types\/product"}],"wp:featuredmedia":[{"embeddable":true,"href":"https:\/\/zlatesperky-rb.cz\/index.php?rest_route=\/wp\/v2\/media\/1986"}],"wp:attachment":[{"href":"https:\/\/zlatesperky-rb.cz\/index.php?rest_route=%2Fwp%2Fv2%2Fmedia&parent=2024"}],"wp:term":[{"taxonomy":"product_cat","embeddable":true,"href":"https:\/\/zlatesperky-rb.cz\/index.php?rest_route=%2Fwp%2Fv2%2Fproduct_cat&post=2024"},{"taxonomy":"product_tag","embeddable":true,"href":"https:\/\/zlatesperky-rb.cz\/index.php?rest_route=%2Fwp%2Fv2%2Fproduct_tag&post=2024"}],"curies":[{"name":"wp","href":"https:\/\/api.w.org\/{rel}","templated":true}]}}