{"id":2025,"date":"2021-11-11T13:56:39","date_gmt":"2021-11-11T13:56:39","guid":{"rendered":"http:\/\/www.zlatesperkyrb.cz.uvirt111.active24.cz\/?post_type=product&#038;p=2025"},"modified":"2021-11-12T14:59:20","modified_gmt":"2021-11-12T14:59:20","slug":"prsten-48","status":"publish","type":"product","link":"https:\/\/zlatesperky-rb.cz\/?product=prsten-48","title":{"rendered":"Prsten"},"content":{"rendered":"<p style=\"text-align: left;\">Prsten ru\u010dn\u011b vyroben z b\u00edl\u00e9ho 14 kr zlata ozdoben b\u00edl\u00fdmi zirkony, kter\u00e9 jsou ru\u010dn\u011b vsazovan\u00e9 .<\/p>\n","protected":false},"excerpt":{"rendered":"<ul>\n<li>v\u00e1ha prstenu 1,50 g \/ 14 kr \/<\/li>\n<li>velikost prstenu 58<\/li>\n<li>velikost kamene 5 mm<\/li>\n<li>\u0161\u00ed\u0159e prstenu 2mm<\/li>\n<\/ul>\n","protected":false},"featured_media":1989,"template":"","meta":[],"product_cat":[20,27],"product_tag":[],"_links":{"self":[{"href":"https:\/\/zlatesperky-rb.cz\/index.php?rest_route=\/wp\/v2\/product\/2025"}],"collection":[{"href":"https:\/\/zlatesperky-rb.cz\/index.php?rest_route=\/wp\/v2\/product"}],"about":[{"href":"https:\/\/zlatesperky-rb.cz\/index.php?rest_route=\/wp\/v2\/types\/product"}],"wp:featuredmedia":[{"embeddable":true,"href":"https:\/\/zlatesperky-rb.cz\/index.php?rest_route=\/wp\/v2\/media\/1989"}],"wp:attachment":[{"href":"https:\/\/zlatesperky-rb.cz\/index.php?rest_route=%2Fwp%2Fv2%2Fmedia&parent=2025"}],"wp:term":[{"taxonomy":"product_cat","embeddable":true,"href":"https:\/\/zlatesperky-rb.cz\/index.php?rest_route=%2Fwp%2Fv2%2Fproduct_cat&post=2025"},{"taxonomy":"product_tag","embeddable":true,"href":"https:\/\/zlatesperky-rb.cz\/index.php?rest_route=%2Fwp%2Fv2%2Fproduct_tag&post=2025"}],"curies":[{"name":"wp","href":"https:\/\/api.w.org\/{rel}","templated":true}]}}