{"id":2027,"date":"2021-11-11T14:01:33","date_gmt":"2021-11-11T14:01:33","guid":{"rendered":"http:\/\/www.zlatesperkyrb.cz.uvirt111.active24.cz\/?post_type=product&#038;p=2027"},"modified":"2021-11-12T14:49:02","modified_gmt":"2021-11-12T14:49:02","slug":"prsten-50","status":"publish","type":"product","link":"https:\/\/zlatesperky-rb.cz\/?product=prsten-50","title":{"rendered":"Prsten"},"content":{"rendered":"<p style=\"text-align: left;\">Zlat\u00fd prsten ru\u010dn\u011b vyroben ze 14 kr b\u00edl\u00e9ho zlata ozdoben b\u00edl\u00fdm zirkonem.<\/p>\n<p>Prsten je klasick\u00fd soliter kde st\u0159edov\u00fd kamen je uchycen do 6 krapen.<\/p>\n<p>Prsten lze vyrobit i ve \u017elut\u00e9m zlat\u011b a jako st\u0159edov\u00fd kamen lze d\u00e1t p\u0159\u00edrodn\u00ed kamen.<\/p>\n","protected":false},"excerpt":{"rendered":"<ul>\n<li>v\u00e1ha prstenu 2,0 g \/ 14 kr \/<\/li>\n<li>velikost prstenu 59<\/li>\n<li>velikost zirkonu 5 mm<\/li>\n<\/ul>\n","protected":false},"featured_media":1996,"template":"","meta":[],"product_cat":[20,27],"product_tag":[],"_links":{"self":[{"href":"https:\/\/zlatesperky-rb.cz\/index.php?rest_route=\/wp\/v2\/product\/2027"}],"collection":[{"href":"https:\/\/zlatesperky-rb.cz\/index.php?rest_route=\/wp\/v2\/product"}],"about":[{"href":"https:\/\/zlatesperky-rb.cz\/index.php?rest_route=\/wp\/v2\/types\/product"}],"wp:featuredmedia":[{"embeddable":true,"href":"https:\/\/zlatesperky-rb.cz\/index.php?rest_route=\/wp\/v2\/media\/1996"}],"wp:attachment":[{"href":"https:\/\/zlatesperky-rb.cz\/index.php?rest_route=%2Fwp%2Fv2%2Fmedia&parent=2027"}],"wp:term":[{"taxonomy":"product_cat","embeddable":true,"href":"https:\/\/zlatesperky-rb.cz\/index.php?rest_route=%2Fwp%2Fv2%2Fproduct_cat&post=2027"},{"taxonomy":"product_tag","embeddable":true,"href":"https:\/\/zlatesperky-rb.cz\/index.php?rest_route=%2Fwp%2Fv2%2Fproduct_tag&post=2027"}],"curies":[{"name":"wp","href":"https:\/\/api.w.org\/{rel}","templated":true}]}}