{"id":2028,"date":"2021-11-11T14:02:54","date_gmt":"2021-11-11T14:02:54","guid":{"rendered":"http:\/\/www.zlatesperkyrb.cz.uvirt111.active24.cz\/?post_type=product&#038;p=2028"},"modified":"2021-11-12T14:35:12","modified_gmt":"2021-11-12T14:35:12","slug":"prsten-51","status":"publish","type":"product","link":"https:\/\/zlatesperky-rb.cz\/?product=prsten-51","title":{"rendered":"Prsten"},"content":{"rendered":"<p style=\"text-align: left;\">Zlat\u00fd prsten ru\u010dn\u011b vyroben ze 14 kr \u017elut\u00e9ho zlata ozdoben syntetick\u00fdm rub\u00ednem.<\/p>\n<p>Prsten m\u00e1 zaj\u00edmav\u011b \u0159e\u0161enou obrou\u010dku,kter\u00e1 se skl\u00e1d\u00e1 ze dvou zlat\u00fdch dr\u00e1tku, kter\u00e9 jsou na boc\u00edch propleten\u00e9.<\/p>\n","protected":false},"excerpt":{"rendered":"<ul>\n<li>v\u00e1ha zlata v prstenu 4,40g \/ 14 kr \/<\/li>\n<li>velikost kamene syntetick\u00fd rub\u00edn 14 x 10 mm<\/li>\n<li>velikost prstenu 52<\/li>\n<\/ul>\n","protected":false},"featured_media":2000,"template":"","meta":[],"product_cat":[20,27],"product_tag":[],"_links":{"self":[{"href":"https:\/\/zlatesperky-rb.cz\/index.php?rest_route=\/wp\/v2\/product\/2028"}],"collection":[{"href":"https:\/\/zlatesperky-rb.cz\/index.php?rest_route=\/wp\/v2\/product"}],"about":[{"href":"https:\/\/zlatesperky-rb.cz\/index.php?rest_route=\/wp\/v2\/types\/product"}],"wp:featuredmedia":[{"embeddable":true,"href":"https:\/\/zlatesperky-rb.cz\/index.php?rest_route=\/wp\/v2\/media\/2000"}],"wp:attachment":[{"href":"https:\/\/zlatesperky-rb.cz\/index.php?rest_route=%2Fwp%2Fv2%2Fmedia&parent=2028"}],"wp:term":[{"taxonomy":"product_cat","embeddable":true,"href":"https:\/\/zlatesperky-rb.cz\/index.php?rest_route=%2Fwp%2Fv2%2Fproduct_cat&post=2028"},{"taxonomy":"product_tag","embeddable":true,"href":"https:\/\/zlatesperky-rb.cz\/index.php?rest_route=%2Fwp%2Fv2%2Fproduct_tag&post=2028"}],"curies":[{"name":"wp","href":"https:\/\/api.w.org\/{rel}","templated":true}]}}