{"id":205,"date":"2021-08-18T19:59:00","date_gmt":"2021-08-18T19:59:00","guid":{"rendered":"http:\/\/www.zlatesperkyrb.cz.uvirt111.active24.cz\/?post_type=product&#038;p=205"},"modified":"2021-09-15T12:00:15","modified_gmt":"2021-09-15T12:00:15","slug":"prsten-s-diamantem","status":"publish","type":"product","link":"https:\/\/zlatesperky-rb.cz\/?product=prsten-s-diamantem","title":{"rendered":"prsten"},"content":{"rendered":"<p>Prsten z b\u00edl\u00e9ho zlata hod\u00edc\u00ed se jako z\u00e1snubn\u00ed.<\/p>\n<p>Ru\u010dn\u00ed pr\u00e1ce mo\u017eno i s jin\u00fdmi kameny.<\/p>\n","protected":false},"excerpt":{"rendered":"<ul>\n<li>prsten b\u00edle zlato 14 kr<\/li>\n<li>v\u00e1ha 2,5 g<\/li>\n<li>prsten m\u00e1 12 b\u00edl\u00fdch zirkon\u016f vel.2 mm\u00a0 a 1 ks 5 mm.<\/li>\n<\/ul>\n","protected":false},"featured_media":208,"template":"","meta":[],"product_cat":[20,27],"product_tag":[],"_links":{"self":[{"href":"https:\/\/zlatesperky-rb.cz\/index.php?rest_route=\/wp\/v2\/product\/205"}],"collection":[{"href":"https:\/\/zlatesperky-rb.cz\/index.php?rest_route=\/wp\/v2\/product"}],"about":[{"href":"https:\/\/zlatesperky-rb.cz\/index.php?rest_route=\/wp\/v2\/types\/product"}],"wp:featuredmedia":[{"embeddable":true,"href":"https:\/\/zlatesperky-rb.cz\/index.php?rest_route=\/wp\/v2\/media\/208"}],"wp:attachment":[{"href":"https:\/\/zlatesperky-rb.cz\/index.php?rest_route=%2Fwp%2Fv2%2Fmedia&parent=205"}],"wp:term":[{"taxonomy":"product_cat","embeddable":true,"href":"https:\/\/zlatesperky-rb.cz\/index.php?rest_route=%2Fwp%2Fv2%2Fproduct_cat&post=205"},{"taxonomy":"product_tag","embeddable":true,"href":"https:\/\/zlatesperky-rb.cz\/index.php?rest_route=%2Fwp%2Fv2%2Fproduct_tag&post=205"}],"curies":[{"name":"wp","href":"https:\/\/api.w.org\/{rel}","templated":true}]}}