{"id":211,"date":"2021-08-18T20:19:29","date_gmt":"2021-08-18T20:19:29","guid":{"rendered":"http:\/\/www.zlatesperkyrb.cz.uvirt111.active24.cz\/?post_type=product&#038;p=211"},"modified":"2026-03-15T12:32:36","modified_gmt":"2026-03-15T12:32:36","slug":"naramek","status":"publish","type":"product","link":"https:\/\/zlatesperky-rb.cz\/?product=naramek","title":{"rendered":"N\u00e1ramek"},"content":{"rendered":"<p>N\u00e1ramek\u00a0 zlat\u00fd s p\u0159\u00edrodn\u00ed sladkovodn\u00ed perlou .<\/p>\n<p>N\u00e1ramek je elegantn\u00ed hod\u00edc\u00ed se jak na v\u0161edn\u00ed den, tak i slavnostn\u00ed p\u0159\u00edle\u017eitost.<\/p>\n","protected":false},"excerpt":{"rendered":"<ul>\n<li>d\u00e9lka n\u00e1ramku 20 cm<\/li>\n<li>velikost perly 9,5-10 mm<\/li>\n<li>perla m\u00e1 b\u00edlou barvu<\/li>\n<li>v\u00e1ha 4 g<\/li>\n<\/ul>\n","protected":false},"featured_media":218,"template":"","meta":[],"product_cat":[21],"product_tag":[],"_links":{"self":[{"href":"https:\/\/zlatesperky-rb.cz\/index.php?rest_route=\/wp\/v2\/product\/211"}],"collection":[{"href":"https:\/\/zlatesperky-rb.cz\/index.php?rest_route=\/wp\/v2\/product"}],"about":[{"href":"https:\/\/zlatesperky-rb.cz\/index.php?rest_route=\/wp\/v2\/types\/product"}],"wp:featuredmedia":[{"embeddable":true,"href":"https:\/\/zlatesperky-rb.cz\/index.php?rest_route=\/wp\/v2\/media\/218"}],"wp:attachment":[{"href":"https:\/\/zlatesperky-rb.cz\/index.php?rest_route=%2Fwp%2Fv2%2Fmedia&parent=211"}],"wp:term":[{"taxonomy":"product_cat","embeddable":true,"href":"https:\/\/zlatesperky-rb.cz\/index.php?rest_route=%2Fwp%2Fv2%2Fproduct_cat&post=211"},{"taxonomy":"product_tag","embeddable":true,"href":"https:\/\/zlatesperky-rb.cz\/index.php?rest_route=%2Fwp%2Fv2%2Fproduct_tag&post=211"}],"curies":[{"name":"wp","href":"https:\/\/api.w.org\/{rel}","templated":true}]}}