{"id":2192,"date":"2021-11-12T06:27:29","date_gmt":"2021-11-12T06:27:29","guid":{"rendered":"http:\/\/www.zlatesperkyrb.cz.uvirt111.active24.cz\/?post_type=product&#038;p=2192"},"modified":"2021-11-14T18:24:12","modified_gmt":"2021-11-14T18:24:12","slug":"prsten-57","status":"publish","type":"product","link":"https:\/\/zlatesperky-rb.cz\/?product=prsten-57","title":{"rendered":"Prsten"},"content":{"rendered":"<p style=\"text-align: left;\">Prsten zlat\u00fd ru\u010dn\u00ed v\u00fdroba ze 14 kr \u017elut\u00e9ho zlata zdoben zirkonem.<\/p>\n<p>Prsten lze vyrobit i v b\u00edl\u00e9m zlat\u011b, do prstenu lze zasadit i p\u0159\u00edrodn\u00ed barevn\u00fd kamen.<\/p>\n","protected":false},"excerpt":{"rendered":"<ul>\n<li>v\u00e1ha prstenu 2,95 g \/ 14 kr \/<\/li>\n<li>velikost prstenu 55<\/li>\n<li>velikost zirkonu 6 mm<\/li>\n<li>\u0161\u00ed\u0159e prstenu 7 mm<\/li>\n<\/ul>\n","protected":false},"featured_media":2017,"template":"","meta":[],"product_cat":[20,27],"product_tag":[],"_links":{"self":[{"href":"https:\/\/zlatesperky-rb.cz\/index.php?rest_route=\/wp\/v2\/product\/2192"}],"collection":[{"href":"https:\/\/zlatesperky-rb.cz\/index.php?rest_route=\/wp\/v2\/product"}],"about":[{"href":"https:\/\/zlatesperky-rb.cz\/index.php?rest_route=\/wp\/v2\/types\/product"}],"wp:featuredmedia":[{"embeddable":true,"href":"https:\/\/zlatesperky-rb.cz\/index.php?rest_route=\/wp\/v2\/media\/2017"}],"wp:attachment":[{"href":"https:\/\/zlatesperky-rb.cz\/index.php?rest_route=%2Fwp%2Fv2%2Fmedia&parent=2192"}],"wp:term":[{"taxonomy":"product_cat","embeddable":true,"href":"https:\/\/zlatesperky-rb.cz\/index.php?rest_route=%2Fwp%2Fv2%2Fproduct_cat&post=2192"},{"taxonomy":"product_tag","embeddable":true,"href":"https:\/\/zlatesperky-rb.cz\/index.php?rest_route=%2Fwp%2Fv2%2Fproduct_tag&post=2192"}],"curies":[{"name":"wp","href":"https:\/\/api.w.org\/{rel}","templated":true}]}}