{"id":2196,"date":"2021-11-12T06:38:07","date_gmt":"2021-11-12T06:38:07","guid":{"rendered":"http:\/\/www.zlatesperkyrb.cz.uvirt111.active24.cz\/?post_type=product&#038;p=2196"},"modified":"2021-11-12T13:31:21","modified_gmt":"2021-11-12T13:31:21","slug":"prsten-60","status":"publish","type":"product","link":"https:\/\/zlatesperky-rb.cz\/?product=prsten-60","title":{"rendered":"Prsten"},"content":{"rendered":"<p style=\"text-align: left;\">Zlat\u00fd prsten vyroben ru\u010dn\u011b ze 14 kr \u017elut\u00e9ho zlata.<\/p>\n<p>Prsten je ozdoben b\u00edlou sladkovodn\u00ed perlou .<\/p>\n<p>Prsten m\u00e1 masivn\u00ed obrou\u010dku a dob\u0159e se nos\u00ed,prsten lze vyrobit i z b\u00edl\u00e9ho zlata\u00a0 s \u010dernou nebo b\u00edlou perlou.<\/p>\n","protected":false},"excerpt":{"rendered":"<ul>\n<li>v\u00e1ha zlata 6,05 g \/ 14 kr \/<\/li>\n<li>velikost prstenu 54<\/li>\n<li>\u0161\u00ed\u0159e prstenu 8 mm<\/li>\n<li>velikost perly 11 mm<\/li>\n<\/ul>\n","protected":false},"featured_media":2055,"template":"","meta":[],"product_cat":[20,27],"product_tag":[],"_links":{"self":[{"href":"https:\/\/zlatesperky-rb.cz\/index.php?rest_route=\/wp\/v2\/product\/2196"}],"collection":[{"href":"https:\/\/zlatesperky-rb.cz\/index.php?rest_route=\/wp\/v2\/product"}],"about":[{"href":"https:\/\/zlatesperky-rb.cz\/index.php?rest_route=\/wp\/v2\/types\/product"}],"wp:featuredmedia":[{"embeddable":true,"href":"https:\/\/zlatesperky-rb.cz\/index.php?rest_route=\/wp\/v2\/media\/2055"}],"wp:attachment":[{"href":"https:\/\/zlatesperky-rb.cz\/index.php?rest_route=%2Fwp%2Fv2%2Fmedia&parent=2196"}],"wp:term":[{"taxonomy":"product_cat","embeddable":true,"href":"https:\/\/zlatesperky-rb.cz\/index.php?rest_route=%2Fwp%2Fv2%2Fproduct_cat&post=2196"},{"taxonomy":"product_tag","embeddable":true,"href":"https:\/\/zlatesperky-rb.cz\/index.php?rest_route=%2Fwp%2Fv2%2Fproduct_tag&post=2196"}],"curies":[{"name":"wp","href":"https:\/\/api.w.org\/{rel}","templated":true}]}}