{"id":220,"date":"2021-08-18T20:40:18","date_gmt":"2021-08-18T20:40:18","guid":{"rendered":"http:\/\/www.zlatesperkyrb.cz.uvirt111.active24.cz\/?post_type=product&#038;p=220"},"modified":"2026-03-15T12:47:54","modified_gmt":"2026-03-15T12:47:54","slug":"prsten","status":"publish","type":"product","link":"https:\/\/zlatesperky-rb.cz\/?product=prsten","title":{"rendered":"Prsten"},"content":{"rendered":"<p>Prsten ru\u010dn\u00ed pr\u00e1ce vlastn\u00ed v\u00fdroba i n\u00e1pad lze vyrobit u\u017e\u0161\u00ed nebo naopak \u0161ir\u0161\u00ed model.<\/p>\n<p>Prsten m\u00e1 12 zirkonu ru\u010dn\u011b fasovan\u00e9.<\/p>\n<p>K prstenu lze vyrobit i nau\u0161nice nebo p\u0159\u00edve\u0161ek.<\/p>\n","protected":false},"excerpt":{"rendered":"<ul>\n<li>prsten 14 kr<\/li>\n<li>v\u00e1ha 3,8 g<\/li>\n<li>syntetick\u00fd zirkon 12 ks<\/li>\n<li>\u0161\u00ed\u0159e prstenu 10 mm<\/li>\n<li>velikost 54<\/li>\n<\/ul>\n","protected":false},"featured_media":224,"template":"","meta":[],"product_cat":[20,27],"product_tag":[],"_links":{"self":[{"href":"https:\/\/zlatesperky-rb.cz\/index.php?rest_route=\/wp\/v2\/product\/220"}],"collection":[{"href":"https:\/\/zlatesperky-rb.cz\/index.php?rest_route=\/wp\/v2\/product"}],"about":[{"href":"https:\/\/zlatesperky-rb.cz\/index.php?rest_route=\/wp\/v2\/types\/product"}],"wp:featuredmedia":[{"embeddable":true,"href":"https:\/\/zlatesperky-rb.cz\/index.php?rest_route=\/wp\/v2\/media\/224"}],"wp:attachment":[{"href":"https:\/\/zlatesperky-rb.cz\/index.php?rest_route=%2Fwp%2Fv2%2Fmedia&parent=220"}],"wp:term":[{"taxonomy":"product_cat","embeddable":true,"href":"https:\/\/zlatesperky-rb.cz\/index.php?rest_route=%2Fwp%2Fv2%2Fproduct_cat&post=220"},{"taxonomy":"product_tag","embeddable":true,"href":"https:\/\/zlatesperky-rb.cz\/index.php?rest_route=%2Fwp%2Fv2%2Fproduct_tag&post=220"}],"curies":[{"name":"wp","href":"https:\/\/api.w.org\/{rel}","templated":true}]}}