{"id":2200,"date":"2021-11-12T06:46:56","date_gmt":"2021-11-12T06:46:56","guid":{"rendered":"http:\/\/www.zlatesperkyrb.cz.uvirt111.active24.cz\/?post_type=product&#038;p=2200"},"modified":"2021-11-12T13:01:27","modified_gmt":"2021-11-12T13:01:27","slug":"prsten-64","status":"publish","type":"product","link":"https:\/\/zlatesperky-rb.cz\/?product=prsten-64","title":{"rendered":"Prsten"},"content":{"rendered":"<p style=\"text-align: left;\">Zlat\u00fd prsten s p\u0159\u00edrodn\u00ed b\u00edlou sladkovodn\u00ed perlou ru\u010dn\u011b vyroben ze 14 kr \u017elut\u00e9ho zlata.<\/p>\n<p>Prsten lze vyrobit na zak\u00e1zku i z b\u00edl\u00e9ho zlata s \u010dernou mo\u0159skou perlou nebo b\u00edlou mo\u0159skou perlou.<\/p>\n","protected":false},"excerpt":{"rendered":"<ul>\n<li>v\u00e1ha zlata 2,10 g \/14 kr \/<\/li>\n<li>velikost prstenu 52<\/li>\n<li>velikost perly 6 mm<\/li>\n<\/ul>\n","protected":false},"featured_media":2128,"template":"","meta":[],"product_cat":[20,27],"product_tag":[],"_links":{"self":[{"href":"https:\/\/zlatesperky-rb.cz\/index.php?rest_route=\/wp\/v2\/product\/2200"}],"collection":[{"href":"https:\/\/zlatesperky-rb.cz\/index.php?rest_route=\/wp\/v2\/product"}],"about":[{"href":"https:\/\/zlatesperky-rb.cz\/index.php?rest_route=\/wp\/v2\/types\/product"}],"wp:featuredmedia":[{"embeddable":true,"href":"https:\/\/zlatesperky-rb.cz\/index.php?rest_route=\/wp\/v2\/media\/2128"}],"wp:attachment":[{"href":"https:\/\/zlatesperky-rb.cz\/index.php?rest_route=%2Fwp%2Fv2%2Fmedia&parent=2200"}],"wp:term":[{"taxonomy":"product_cat","embeddable":true,"href":"https:\/\/zlatesperky-rb.cz\/index.php?rest_route=%2Fwp%2Fv2%2Fproduct_cat&post=2200"},{"taxonomy":"product_tag","embeddable":true,"href":"https:\/\/zlatesperky-rb.cz\/index.php?rest_route=%2Fwp%2Fv2%2Fproduct_tag&post=2200"}],"curies":[{"name":"wp","href":"https:\/\/api.w.org\/{rel}","templated":true}]}}