{"id":2203,"date":"2021-11-12T07:53:54","date_gmt":"2021-11-12T07:53:54","guid":{"rendered":"http:\/\/www.zlatesperkyrb.cz.uvirt111.active24.cz\/?post_type=product&#038;p=2203"},"modified":"2021-11-12T12:10:08","modified_gmt":"2021-11-12T12:10:08","slug":"prsten-67","status":"publish","type":"product","link":"https:\/\/zlatesperky-rb.cz\/?product=prsten-67","title":{"rendered":"Prsten"},"content":{"rendered":"<p style=\"text-align: left;\">Zlat\u00fd prsten vyroben ru\u010dn\u011b ze 14 kr\u00a0 b\u00edl\u00e9ho zlata zdoben p\u0159\u00edrodn\u00edm\u00a0 amazonitem.<\/p>\n","protected":false},"excerpt":{"rendered":"<ul>\n<li>v\u00e1ha zlata v prstenu 1,65g \/14 kr \/<\/li>\n<li>velikost prstenu 53<\/li>\n<li>velikost kamene p\u0159\u00edrodn\u00ed amazonit 8 x 8 mm<\/li>\n<\/ul>\n","protected":false},"featured_media":2140,"template":"","meta":[],"product_cat":[20,27],"product_tag":[],"_links":{"self":[{"href":"https:\/\/zlatesperky-rb.cz\/index.php?rest_route=\/wp\/v2\/product\/2203"}],"collection":[{"href":"https:\/\/zlatesperky-rb.cz\/index.php?rest_route=\/wp\/v2\/product"}],"about":[{"href":"https:\/\/zlatesperky-rb.cz\/index.php?rest_route=\/wp\/v2\/types\/product"}],"wp:featuredmedia":[{"embeddable":true,"href":"https:\/\/zlatesperky-rb.cz\/index.php?rest_route=\/wp\/v2\/media\/2140"}],"wp:attachment":[{"href":"https:\/\/zlatesperky-rb.cz\/index.php?rest_route=%2Fwp%2Fv2%2Fmedia&parent=2203"}],"wp:term":[{"taxonomy":"product_cat","embeddable":true,"href":"https:\/\/zlatesperky-rb.cz\/index.php?rest_route=%2Fwp%2Fv2%2Fproduct_cat&post=2203"},{"taxonomy":"product_tag","embeddable":true,"href":"https:\/\/zlatesperky-rb.cz\/index.php?rest_route=%2Fwp%2Fv2%2Fproduct_tag&post=2203"}],"curies":[{"name":"wp","href":"https:\/\/api.w.org\/{rel}","templated":true}]}}