{"id":2206,"date":"2021-11-12T07:57:43","date_gmt":"2021-11-12T07:57:43","guid":{"rendered":"http:\/\/www.zlatesperkyrb.cz.uvirt111.active24.cz\/?post_type=product&#038;p=2206"},"modified":"2021-11-12T11:42:14","modified_gmt":"2021-11-12T11:42:14","slug":"prsten-70","status":"publish","type":"product","link":"https:\/\/zlatesperky-rb.cz\/?product=prsten-70","title":{"rendered":"Prsten"},"content":{"rendered":"<p style=\"text-align: left;\">Zlat\u00fd prsten ru\u010dn\u011b vyroben ze 14 kr \u017elut\u00e9ho a r\u016f\u017eov\u00e9ho zlata s jemnou rytinou p\u0159es roh vrchn\u00ed strany.<\/p>\n","protected":false},"excerpt":{"rendered":"<ul>\n<li>v\u00e1ha prstenu 5,7 g \/ 14kr \/<\/li>\n<li>velikost prstenu 56<\/li>\n<li>\u0161\u00ed\u0159e prstenu 20 x 8 mm<\/li>\n<\/ul>\n","protected":false},"featured_media":2147,"template":"","meta":[],"product_cat":[20,26],"product_tag":[],"_links":{"self":[{"href":"https:\/\/zlatesperky-rb.cz\/index.php?rest_route=\/wp\/v2\/product\/2206"}],"collection":[{"href":"https:\/\/zlatesperky-rb.cz\/index.php?rest_route=\/wp\/v2\/product"}],"about":[{"href":"https:\/\/zlatesperky-rb.cz\/index.php?rest_route=\/wp\/v2\/types\/product"}],"wp:featuredmedia":[{"embeddable":true,"href":"https:\/\/zlatesperky-rb.cz\/index.php?rest_route=\/wp\/v2\/media\/2147"}],"wp:attachment":[{"href":"https:\/\/zlatesperky-rb.cz\/index.php?rest_route=%2Fwp%2Fv2%2Fmedia&parent=2206"}],"wp:term":[{"taxonomy":"product_cat","embeddable":true,"href":"https:\/\/zlatesperky-rb.cz\/index.php?rest_route=%2Fwp%2Fv2%2Fproduct_cat&post=2206"},{"taxonomy":"product_tag","embeddable":true,"href":"https:\/\/zlatesperky-rb.cz\/index.php?rest_route=%2Fwp%2Fv2%2Fproduct_tag&post=2206"}],"curies":[{"name":"wp","href":"https:\/\/api.w.org\/{rel}","templated":true}]}}