{"id":2207,"date":"2021-11-12T08:03:27","date_gmt":"2021-11-12T08:03:27","guid":{"rendered":"http:\/\/www.zlatesperkyrb.cz.uvirt111.active24.cz\/?post_type=product&#038;p=2207"},"modified":"2021-11-12T11:26:33","modified_gmt":"2021-11-12T11:26:33","slug":"prsten-71","status":"publish","type":"product","link":"https:\/\/zlatesperky-rb.cz\/?product=prsten-71","title":{"rendered":"Prsten"},"content":{"rendered":"<p style=\"text-align: left;\">Zlat\u00fd prsten ze 14 kr \u017elut\u00e9ho zlata s p\u0159\u00edrodn\u00edm kamenem tyg\u0159\u00ed oko (\u017elutohn\u011bd\u00e9 barvy)<\/p>\n<p>Prsten je ru\u010dn\u00ed pr\u00e1ce a okolo kamene je ru\u010dn\u00ed jemn\u00e1 rytina (baroko).<\/p>\n","protected":false},"excerpt":{"rendered":"<ul>\n<li>v\u00e1ha zlata v prstenu 5,7g \/14 kr \/<\/li>\n<li>velikost prstenu 60<\/li>\n<li>velikost p\u0159\u00edrodn\u00edho kamene\u00a0 tyg\u0159\u00ed oko 15 x 9 mm<\/li>\n<li>\u0161\u00ed\u0159e prstenu 20 x 14 mm<\/li>\n<\/ul>\n","protected":false},"featured_media":2152,"template":"","meta":[],"product_cat":[20,27],"product_tag":[],"_links":{"self":[{"href":"https:\/\/zlatesperky-rb.cz\/index.php?rest_route=\/wp\/v2\/product\/2207"}],"collection":[{"href":"https:\/\/zlatesperky-rb.cz\/index.php?rest_route=\/wp\/v2\/product"}],"about":[{"href":"https:\/\/zlatesperky-rb.cz\/index.php?rest_route=\/wp\/v2\/types\/product"}],"wp:featuredmedia":[{"embeddable":true,"href":"https:\/\/zlatesperky-rb.cz\/index.php?rest_route=\/wp\/v2\/media\/2152"}],"wp:attachment":[{"href":"https:\/\/zlatesperky-rb.cz\/index.php?rest_route=%2Fwp%2Fv2%2Fmedia&parent=2207"}],"wp:term":[{"taxonomy":"product_cat","embeddable":true,"href":"https:\/\/zlatesperky-rb.cz\/index.php?rest_route=%2Fwp%2Fv2%2Fproduct_cat&post=2207"},{"taxonomy":"product_tag","embeddable":true,"href":"https:\/\/zlatesperky-rb.cz\/index.php?rest_route=%2Fwp%2Fv2%2Fproduct_tag&post=2207"}],"curies":[{"name":"wp","href":"https:\/\/api.w.org\/{rel}","templated":true}]}}