{"id":2208,"date":"2021-11-12T08:04:47","date_gmt":"2021-11-12T08:04:47","guid":{"rendered":"http:\/\/www.zlatesperkyrb.cz.uvirt111.active24.cz\/?post_type=product&#038;p=2208"},"modified":"2021-11-12T11:14:03","modified_gmt":"2021-11-12T11:14:03","slug":"prsten-72","status":"publish","type":"product","link":"https:\/\/zlatesperky-rb.cz\/?product=prsten-72","title":{"rendered":"Prsten"},"content":{"rendered":"<p style=\"text-align: left;\">Zlat\u00fd prst\u00fdnek ze 14 kr \u017elut\u00e9ho zlata ,st\u0159ed prstenu je\u00a0 ozdoben.<\/p>\n<p>Prst\u00fdnek se hod\u00ed jako snubn\u00ed prsten, lze ho vyrobit v jin\u00e9 barv\u011b zlata a v jin\u00e9 velikosti.<\/p>\n","protected":false},"excerpt":{"rendered":"<ul>\n<li>v\u00e1ha prstenu 1,85 g \/ 14 kr \/<\/li>\n<li>velikost prstenu 58<\/li>\n<li>\u0161\u00ed\u0159e prstenu 3 mm<\/li>\n<\/ul>\n","protected":false},"featured_media":2160,"template":"","meta":[],"product_cat":[20,26],"product_tag":[],"_links":{"self":[{"href":"https:\/\/zlatesperky-rb.cz\/index.php?rest_route=\/wp\/v2\/product\/2208"}],"collection":[{"href":"https:\/\/zlatesperky-rb.cz\/index.php?rest_route=\/wp\/v2\/product"}],"about":[{"href":"https:\/\/zlatesperky-rb.cz\/index.php?rest_route=\/wp\/v2\/types\/product"}],"wp:featuredmedia":[{"embeddable":true,"href":"https:\/\/zlatesperky-rb.cz\/index.php?rest_route=\/wp\/v2\/media\/2160"}],"wp:attachment":[{"href":"https:\/\/zlatesperky-rb.cz\/index.php?rest_route=%2Fwp%2Fv2%2Fmedia&parent=2208"}],"wp:term":[{"taxonomy":"product_cat","embeddable":true,"href":"https:\/\/zlatesperky-rb.cz\/index.php?rest_route=%2Fwp%2Fv2%2Fproduct_cat&post=2208"},{"taxonomy":"product_tag","embeddable":true,"href":"https:\/\/zlatesperky-rb.cz\/index.php?rest_route=%2Fwp%2Fv2%2Fproduct_tag&post=2208"}],"curies":[{"name":"wp","href":"https:\/\/api.w.org\/{rel}","templated":true}]}}