{"id":2209,"date":"2021-11-12T08:05:45","date_gmt":"2021-11-12T08:05:45","guid":{"rendered":"http:\/\/www.zlatesperkyrb.cz.uvirt111.active24.cz\/?post_type=product&#038;p=2209"},"modified":"2021-11-12T11:05:04","modified_gmt":"2021-11-12T11:05:04","slug":"prsten-73","status":"publish","type":"product","link":"https:\/\/zlatesperky-rb.cz\/?product=prsten-73","title":{"rendered":"Prsten"},"content":{"rendered":"<p style=\"text-align: left;\">Zlat\u00fd prst\u00fdnek vyroben ze 14 kr b\u00edl\u00e9ho zlata s jemnou, vkusnou, ru\u010dn\u00ed rytinou po cel\u00e9m obvodu.<\/p>\n<p>Prst\u00fdnek lze tak\u00e9 vyrobit ve \u017elut\u00e9m nebo r\u016f\u017eov\u00e9m zlat\u011b.<\/p>\n","protected":false},"excerpt":{"rendered":"<ul>\n<li>v\u00e1ha prstenu 1,15 g \/14 kr \/<\/li>\n<li>velikost prstenu 52<\/li>\n<li>\u0161\u00ed\u0159e prstenu 2 mm<\/li>\n<\/ul>\n","protected":false},"featured_media":2164,"template":"","meta":[],"product_cat":[20,26],"product_tag":[],"_links":{"self":[{"href":"https:\/\/zlatesperky-rb.cz\/index.php?rest_route=\/wp\/v2\/product\/2209"}],"collection":[{"href":"https:\/\/zlatesperky-rb.cz\/index.php?rest_route=\/wp\/v2\/product"}],"about":[{"href":"https:\/\/zlatesperky-rb.cz\/index.php?rest_route=\/wp\/v2\/types\/product"}],"wp:featuredmedia":[{"embeddable":true,"href":"https:\/\/zlatesperky-rb.cz\/index.php?rest_route=\/wp\/v2\/media\/2164"}],"wp:attachment":[{"href":"https:\/\/zlatesperky-rb.cz\/index.php?rest_route=%2Fwp%2Fv2%2Fmedia&parent=2209"}],"wp:term":[{"taxonomy":"product_cat","embeddable":true,"href":"https:\/\/zlatesperky-rb.cz\/index.php?rest_route=%2Fwp%2Fv2%2Fproduct_cat&post=2209"},{"taxonomy":"product_tag","embeddable":true,"href":"https:\/\/zlatesperky-rb.cz\/index.php?rest_route=%2Fwp%2Fv2%2Fproduct_tag&post=2209"}],"curies":[{"name":"wp","href":"https:\/\/api.w.org\/{rel}","templated":true}]}}