{"id":2210,"date":"2021-11-12T08:06:44","date_gmt":"2021-11-12T08:06:44","guid":{"rendered":"http:\/\/www.zlatesperkyrb.cz.uvirt111.active24.cz\/?post_type=product&#038;p=2210"},"modified":"2021-11-12T10:57:02","modified_gmt":"2021-11-12T10:57:02","slug":"prsten-74","status":"publish","type":"product","link":"https:\/\/zlatesperky-rb.cz\/?product=prsten-74","title":{"rendered":"Prsten"},"content":{"rendered":"<p style=\"text-align: left;\">Zlat\u00fd prsten dva propleten\u00e9 zlat\u00e9 dr\u00e1tky ze \u017elut\u00e9ho 14 kr zlata.<\/p>\n<p>Prsten je ru\u010dn\u011b vyroben a lze ho t\u00e9\u017e vyrobit z b\u00edl\u00e9ho nebo r\u016f\u017eov\u00e9ho zlata.<\/p>\n","protected":false},"excerpt":{"rendered":"<ul>\n<li>v\u00e1ha prstenu 1,85 g \/14 kr\/<\/li>\n<li>velikost prstenu 60<\/li>\n<li>\u0161\u00ed\u0159e prstenu 2 mm<\/li>\n<\/ul>\n","protected":false},"featured_media":2167,"template":"","meta":[],"product_cat":[20,26],"product_tag":[],"_links":{"self":[{"href":"https:\/\/zlatesperky-rb.cz\/index.php?rest_route=\/wp\/v2\/product\/2210"}],"collection":[{"href":"https:\/\/zlatesperky-rb.cz\/index.php?rest_route=\/wp\/v2\/product"}],"about":[{"href":"https:\/\/zlatesperky-rb.cz\/index.php?rest_route=\/wp\/v2\/types\/product"}],"wp:featuredmedia":[{"embeddable":true,"href":"https:\/\/zlatesperky-rb.cz\/index.php?rest_route=\/wp\/v2\/media\/2167"}],"wp:attachment":[{"href":"https:\/\/zlatesperky-rb.cz\/index.php?rest_route=%2Fwp%2Fv2%2Fmedia&parent=2210"}],"wp:term":[{"taxonomy":"product_cat","embeddable":true,"href":"https:\/\/zlatesperky-rb.cz\/index.php?rest_route=%2Fwp%2Fv2%2Fproduct_cat&post=2210"},{"taxonomy":"product_tag","embeddable":true,"href":"https:\/\/zlatesperky-rb.cz\/index.php?rest_route=%2Fwp%2Fv2%2Fproduct_tag&post=2210"}],"curies":[{"name":"wp","href":"https:\/\/api.w.org\/{rel}","templated":true}]}}