{"id":2211,"date":"2021-11-12T08:08:14","date_gmt":"2021-11-12T08:08:14","guid":{"rendered":"http:\/\/www.zlatesperkyrb.cz.uvirt111.active24.cz\/?post_type=product&#038;p=2211"},"modified":"2021-11-23T13:10:30","modified_gmt":"2021-11-23T13:10:30","slug":"prsten-75","status":"publish","type":"product","link":"https:\/\/zlatesperky-rb.cz\/?product=prsten-75","title":{"rendered":"Prsten"},"content":{"rendered":"<p style=\"text-align: left;\">Zlat\u00fd prsten ru\u010dn\u00ed pr\u00e1ce vyroben ze 14 kr \u017elut\u00e9ho zlata s p\u0159\u00edrodn\u00edm kamenem (almandin)<\/p>\n<p>&nbsp;<\/p>\n","protected":false},"excerpt":{"rendered":"<p>Zak\u00e1zkov\u00e1 v\u00fdroba<\/p>\n<ul>\n<li>v\u00e1ha prstenu 7,90 g \/14 kr \/<\/li>\n<li>velikost kamene 13 x 11 mm<\/li>\n<li>\u0161\u00ed\u0159e prstenu 17 mm<\/li>\n<li>velikost prstenu 61<\/li>\n<\/ul>\n","protected":false},"featured_media":2171,"template":"","meta":[],"product_cat":[20,27],"product_tag":[],"_links":{"self":[{"href":"https:\/\/zlatesperky-rb.cz\/index.php?rest_route=\/wp\/v2\/product\/2211"}],"collection":[{"href":"https:\/\/zlatesperky-rb.cz\/index.php?rest_route=\/wp\/v2\/product"}],"about":[{"href":"https:\/\/zlatesperky-rb.cz\/index.php?rest_route=\/wp\/v2\/types\/product"}],"wp:featuredmedia":[{"embeddable":true,"href":"https:\/\/zlatesperky-rb.cz\/index.php?rest_route=\/wp\/v2\/media\/2171"}],"wp:attachment":[{"href":"https:\/\/zlatesperky-rb.cz\/index.php?rest_route=%2Fwp%2Fv2%2Fmedia&parent=2211"}],"wp:term":[{"taxonomy":"product_cat","embeddable":true,"href":"https:\/\/zlatesperky-rb.cz\/index.php?rest_route=%2Fwp%2Fv2%2Fproduct_cat&post=2211"},{"taxonomy":"product_tag","embeddable":true,"href":"https:\/\/zlatesperky-rb.cz\/index.php?rest_route=%2Fwp%2Fv2%2Fproduct_tag&post=2211"}],"curies":[{"name":"wp","href":"https:\/\/api.w.org\/{rel}","templated":true}]}}