{"id":2212,"date":"2021-11-12T08:47:07","date_gmt":"2021-11-12T08:47:07","guid":{"rendered":"http:\/\/www.zlatesperkyrb.cz.uvirt111.active24.cz\/?post_type=product&#038;p=2212"},"modified":"2021-11-12T10:35:42","modified_gmt":"2021-11-12T10:35:42","slug":"prsten-76","status":"publish","type":"product","link":"https:\/\/zlatesperky-rb.cz\/?product=prsten-76","title":{"rendered":"Prsten"},"content":{"rendered":"","protected":false},"excerpt":{"rendered":"<ul>\n<li>snubn\u00ed prsteny 14 kr<\/li>\n<li>\u0161\u00ed\u0159e\u00a0 3-4-7 mm<\/li>\n<li>hladk\u00e9, matov\u00e9 se zirkonem<\/li>\n<\/ul>\n","protected":false},"featured_media":2169,"template":"","meta":[],"product_cat":[20,24],"product_tag":[],"_links":{"self":[{"href":"https:\/\/zlatesperky-rb.cz\/index.php?rest_route=\/wp\/v2\/product\/2212"}],"collection":[{"href":"https:\/\/zlatesperky-rb.cz\/index.php?rest_route=\/wp\/v2\/product"}],"about":[{"href":"https:\/\/zlatesperky-rb.cz\/index.php?rest_route=\/wp\/v2\/types\/product"}],"wp:featuredmedia":[{"embeddable":true,"href":"https:\/\/zlatesperky-rb.cz\/index.php?rest_route=\/wp\/v2\/media\/2169"}],"wp:attachment":[{"href":"https:\/\/zlatesperky-rb.cz\/index.php?rest_route=%2Fwp%2Fv2%2Fmedia&parent=2212"}],"wp:term":[{"taxonomy":"product_cat","embeddable":true,"href":"https:\/\/zlatesperky-rb.cz\/index.php?rest_route=%2Fwp%2Fv2%2Fproduct_cat&post=2212"},{"taxonomy":"product_tag","embeddable":true,"href":"https:\/\/zlatesperky-rb.cz\/index.php?rest_route=%2Fwp%2Fv2%2Fproduct_tag&post=2212"}],"curies":[{"name":"wp","href":"https:\/\/api.w.org\/{rel}","templated":true}]}}