{"id":2227,"date":"2021-11-12T12:26:36","date_gmt":"2021-11-12T12:26:36","guid":{"rendered":"http:\/\/www.zlatesperkyrb.cz.uvirt111.active24.cz\/?post_type=product&#038;p=2227"},"modified":"2021-11-12T15:26:36","modified_gmt":"2021-11-12T15:26:36","slug":"prsten-79","status":"publish","type":"product","link":"https:\/\/zlatesperky-rb.cz\/?product=prsten-79","title":{"rendered":"Prsten"},"content":{"rendered":"<p style=\"text-align: left;\">Zlat\u00fd prsten ru\u010dn\u011b vyroben ze 14 kr \u017elut\u00e9ho zlata s p\u0159\u00edrodn\u00edm kamenem Z\u00e1hn\u011bdou.<\/p>\n<p>P\u0159\u00edrodn\u00ed kamen Z\u00e1hn\u011bda m\u00e1\u00a0 zlatohn\u011bdou barvu s klasick\u00fdm brusem.<\/p>\n<p>Prsten m\u00e1 zaoblen\u00e9 tvary a p\u016fsob\u00ed velice elegantn\u011b.<\/p>\n","protected":false},"excerpt":{"rendered":"<ul>\n<li>v\u00e1ha zlata v prstenu 7,0 g \/ 14 kr \/<\/li>\n<li>velikost prstenu 57<\/li>\n<li>velikost kamene 14 x 11 mm ,p\u0159\u00edrodn\u00ed Z\u00e1hn\u011bda<\/li>\n<\/ul>\n","protected":false},"featured_media":2180,"template":"","meta":[],"product_cat":[20,27],"product_tag":[],"_links":{"self":[{"href":"https:\/\/zlatesperky-rb.cz\/index.php?rest_route=\/wp\/v2\/product\/2227"}],"collection":[{"href":"https:\/\/zlatesperky-rb.cz\/index.php?rest_route=\/wp\/v2\/product"}],"about":[{"href":"https:\/\/zlatesperky-rb.cz\/index.php?rest_route=\/wp\/v2\/types\/product"}],"wp:featuredmedia":[{"embeddable":true,"href":"https:\/\/zlatesperky-rb.cz\/index.php?rest_route=\/wp\/v2\/media\/2180"}],"wp:attachment":[{"href":"https:\/\/zlatesperky-rb.cz\/index.php?rest_route=%2Fwp%2Fv2%2Fmedia&parent=2227"}],"wp:term":[{"taxonomy":"product_cat","embeddable":true,"href":"https:\/\/zlatesperky-rb.cz\/index.php?rest_route=%2Fwp%2Fv2%2Fproduct_cat&post=2227"},{"taxonomy":"product_tag","embeddable":true,"href":"https:\/\/zlatesperky-rb.cz\/index.php?rest_route=%2Fwp%2Fv2%2Fproduct_tag&post=2227"}],"curies":[{"name":"wp","href":"https:\/\/api.w.org\/{rel}","templated":true}]}}