{"id":2228,"date":"2021-11-12T12:36:06","date_gmt":"2021-11-12T12:36:06","guid":{"rendered":"http:\/\/www.zlatesperkyrb.cz.uvirt111.active24.cz\/?post_type=product&#038;p=2228"},"modified":"2021-11-12T15:36:17","modified_gmt":"2021-11-12T15:36:17","slug":"prsten-80","status":"publish","type":"product","link":"https:\/\/zlatesperky-rb.cz\/?product=prsten-80","title":{"rendered":"Prsten"},"content":{"rendered":"<p style=\"text-align: left;\">Kr\u00e1sn\u00fd zlat\u00fd prsten vyroben ru\u010dn\u011b ze 14 kr \u017elut\u00e9ho zlata, obrou\u010dka prstenu je ru\u010dn\u011b grav\u00edrovan\u00e1 a vy\u0159ez\u00e1van\u00e1.<\/p>\n<p>Kamen v prstenu m\u00e1 modern\u00ed \u0161achovnicov\u00fd brus vybrou\u0161en je do \u010dtverce se zaoblen\u00fdmi strany a barva kamene je zlatohn\u011bd\u00e1.<\/p>\n<p>Prsten je origin\u00e1l jeden kus.<\/p>\n","protected":false},"excerpt":{"rendered":"<ul>\n<li>v\u00e1ha zlata v prstenu 5,35 g \/ 14 kr \/<\/li>\n<li>velikost prstenu 57<\/li>\n<li>velikost kamene 13 x 13 mm p\u0159\u00edrodn\u00ed kamen (Zlat\u00e1 Z\u00e1hn\u011bda)<\/li>\n<\/ul>\n","protected":false},"featured_media":2183,"template":"","meta":[],"product_cat":[20,27],"product_tag":[],"_links":{"self":[{"href":"https:\/\/zlatesperky-rb.cz\/index.php?rest_route=\/wp\/v2\/product\/2228"}],"collection":[{"href":"https:\/\/zlatesperky-rb.cz\/index.php?rest_route=\/wp\/v2\/product"}],"about":[{"href":"https:\/\/zlatesperky-rb.cz\/index.php?rest_route=\/wp\/v2\/types\/product"}],"wp:featuredmedia":[{"embeddable":true,"href":"https:\/\/zlatesperky-rb.cz\/index.php?rest_route=\/wp\/v2\/media\/2183"}],"wp:attachment":[{"href":"https:\/\/zlatesperky-rb.cz\/index.php?rest_route=%2Fwp%2Fv2%2Fmedia&parent=2228"}],"wp:term":[{"taxonomy":"product_cat","embeddable":true,"href":"https:\/\/zlatesperky-rb.cz\/index.php?rest_route=%2Fwp%2Fv2%2Fproduct_cat&post=2228"},{"taxonomy":"product_tag","embeddable":true,"href":"https:\/\/zlatesperky-rb.cz\/index.php?rest_route=%2Fwp%2Fv2%2Fproduct_tag&post=2228"}],"curies":[{"name":"wp","href":"https:\/\/api.w.org\/{rel}","templated":true}]}}