{"id":2272,"date":"2021-11-14T17:42:03","date_gmt":"2021-11-14T17:42:03","guid":{"rendered":"http:\/\/www.zlatesperkyrb.cz.uvirt111.active24.cz\/?post_type=product&#038;p=2272"},"modified":"2021-11-23T12:27:20","modified_gmt":"2021-11-23T12:27:20","slug":"nausnice-31","status":"publish","type":"product","link":"https:\/\/zlatesperky-rb.cz\/?product=nausnice-31","title":{"rendered":"N\u00e1u\u0161nice"},"content":{"rendered":"<p style=\"text-align: left;\">N\u00e1u\u0161nice vyroben\u00e9 z b\u00edl\u00e9ho 14 kr zlata zdoben\u00e9 b\u00edl\u00fdmi a zelen\u00fdmi kaminky.<\/p>\n<p>N\u00e1u\u0161nice jsou d\u00edv\u010d\u00ed na patentov\u00e9 zap\u00edn\u00e1n\u00ed.<\/p>\n","protected":false},"excerpt":{"rendered":"<ul>\n<li>v\u00e1ha n\u00e1u\u0161nic 2,45 g\u00a0 \/14 kr \/<\/li>\n<li>velikost n\u00e1u\u0161nic 10 mm x 16 mm<\/li>\n<li>zap\u00edn\u00e1n\u00ed patent<\/li>\n<\/ul>\n","protected":false},"featured_media":2273,"template":"","meta":[],"product_cat":[22,29],"product_tag":[],"_links":{"self":[{"href":"https:\/\/zlatesperky-rb.cz\/index.php?rest_route=\/wp\/v2\/product\/2272"}],"collection":[{"href":"https:\/\/zlatesperky-rb.cz\/index.php?rest_route=\/wp\/v2\/product"}],"about":[{"href":"https:\/\/zlatesperky-rb.cz\/index.php?rest_route=\/wp\/v2\/types\/product"}],"wp:featuredmedia":[{"embeddable":true,"href":"https:\/\/zlatesperky-rb.cz\/index.php?rest_route=\/wp\/v2\/media\/2273"}],"wp:attachment":[{"href":"https:\/\/zlatesperky-rb.cz\/index.php?rest_route=%2Fwp%2Fv2%2Fmedia&parent=2272"}],"wp:term":[{"taxonomy":"product_cat","embeddable":true,"href":"https:\/\/zlatesperky-rb.cz\/index.php?rest_route=%2Fwp%2Fv2%2Fproduct_cat&post=2272"},{"taxonomy":"product_tag","embeddable":true,"href":"https:\/\/zlatesperky-rb.cz\/index.php?rest_route=%2Fwp%2Fv2%2Fproduct_tag&post=2272"}],"curies":[{"name":"wp","href":"https:\/\/api.w.org\/{rel}","templated":true}]}}