{"id":233,"date":"2021-08-26T08:16:53","date_gmt":"2021-08-26T08:16:53","guid":{"rendered":"http:\/\/www.zlatesperkyrb.cz.uvirt111.active24.cz\/?post_type=product&#038;p=233"},"modified":"2026-03-15T12:30:55","modified_gmt":"2026-03-15T12:30:55","slug":"naramek-2","status":"publish","type":"product","link":"https:\/\/zlatesperky-rb.cz\/?product=naramek-2","title":{"rendered":"n\u00e1ramek"},"content":{"rendered":"<p>Zak\u00e1zkov\u00e1 pr\u00e1ce ametystov\u00fd n\u00e1ramek v b\u00edl\u00e9m zlat\u011b 14 kr s ametystov\u00fdmi p\u0159\u00edv\u011bsky.<\/p>\n<p>N\u00e1ramek lze vyrobit s r\u016fzn\u00fdmi kameny v jak\u00e9koli s\u00edle ,velikosti a druhu zlata.<\/p>\n<p>PROD\u00c1NO!!<\/p>\n","protected":false},"excerpt":{"rendered":"<ul>\n<li>n\u00e1ramek dl. 19 cm<\/li>\n<li>v\u00e1ha 14 g<\/li>\n<li>velikost kamen\u016f 10&#215;8 mm, 15x10mm<\/li>\n<\/ul>\n","protected":false},"featured_media":1276,"template":"","meta":[],"product_cat":[21],"product_tag":[],"_links":{"self":[{"href":"https:\/\/zlatesperky-rb.cz\/index.php?rest_route=\/wp\/v2\/product\/233"}],"collection":[{"href":"https:\/\/zlatesperky-rb.cz\/index.php?rest_route=\/wp\/v2\/product"}],"about":[{"href":"https:\/\/zlatesperky-rb.cz\/index.php?rest_route=\/wp\/v2\/types\/product"}],"wp:featuredmedia":[{"embeddable":true,"href":"https:\/\/zlatesperky-rb.cz\/index.php?rest_route=\/wp\/v2\/media\/1276"}],"wp:attachment":[{"href":"https:\/\/zlatesperky-rb.cz\/index.php?rest_route=%2Fwp%2Fv2%2Fmedia&parent=233"}],"wp:term":[{"taxonomy":"product_cat","embeddable":true,"href":"https:\/\/zlatesperky-rb.cz\/index.php?rest_route=%2Fwp%2Fv2%2Fproduct_cat&post=233"},{"taxonomy":"product_tag","embeddable":true,"href":"https:\/\/zlatesperky-rb.cz\/index.php?rest_route=%2Fwp%2Fv2%2Fproduct_tag&post=233"}],"curies":[{"name":"wp","href":"https:\/\/api.w.org\/{rel}","templated":true}]}}