{"id":2330,"date":"2021-11-14T18:19:38","date_gmt":"2021-11-14T18:19:38","guid":{"rendered":"http:\/\/www.zlatesperkyrb.cz.uvirt111.active24.cz\/?post_type=product&#038;p=2330"},"modified":"2024-05-27T20:35:17","modified_gmt":"2024-05-27T20:35:17","slug":"nausnice-43","status":"publish","type":"product","link":"https:\/\/zlatesperky-rb.cz\/?product=nausnice-43","title":{"rendered":"N\u00e1u\u0161nice"},"content":{"rendered":"<p style=\"text-align: left;\">Zlat\u00e9 n\u00e1u\u0161nice vyroben\u00e9 ru\u010dn\u011b ze 14 kr b\u00edl\u00e9ho zlata\u00a0 na patentov\u00e9 zap\u00edn\u00e1n\u00ed .<\/p>\n<p>Kameny jsou ru\u010dn\u011b brou\u0161en\u00e9 a ru\u010dn\u011b vsazovan\u00e9 turmal\u00edn m\u00e1 malinovou barvu a briliantov\u00fd vybrus a r\u016f\u017een\u00edn m\u00e1 lehce r\u016f\u017eovou barvu a v\u00fdbrus brioleta.<\/p>\n<p>Kamenov\u00e9 n\u00e1u\u0161nice jsou velice obl\u00edben\u00e9\u00a0 a zaj\u00edmav\u00e9.<\/p>\n","protected":false},"excerpt":{"rendered":"<ul>\n<li>Zak\u00e1zkov\u00e1 v\u00fdroba<\/li>\n<li>v\u00e1ha zlata 2,30 g \/ 14 kr \/<\/li>\n<li>v\u00e1ha n\u00e1u\u0161nic 5,7 g<\/li>\n<li>\u00a0d\u00e9lka n\u00e1u\u0161nic 35 mm<\/li>\n<li>p\u0159\u00edrodn\u00ed kameny Turmal\u00edny\u00a0 6 mm\u00a0 ( 1,6 ct )a R\u016f\u017een\u00edny 15 x 10 mm vybrus brioleta<\/li>\n<\/ul>\n","protected":false},"featured_media":2314,"template":"","meta":[],"product_cat":[22,29],"product_tag":[],"_links":{"self":[{"href":"https:\/\/zlatesperky-rb.cz\/index.php?rest_route=\/wp\/v2\/product\/2330"}],"collection":[{"href":"https:\/\/zlatesperky-rb.cz\/index.php?rest_route=\/wp\/v2\/product"}],"about":[{"href":"https:\/\/zlatesperky-rb.cz\/index.php?rest_route=\/wp\/v2\/types\/product"}],"wp:featuredmedia":[{"embeddable":true,"href":"https:\/\/zlatesperky-rb.cz\/index.php?rest_route=\/wp\/v2\/media\/2314"}],"wp:attachment":[{"href":"https:\/\/zlatesperky-rb.cz\/index.php?rest_route=%2Fwp%2Fv2%2Fmedia&parent=2330"}],"wp:term":[{"taxonomy":"product_cat","embeddable":true,"href":"https:\/\/zlatesperky-rb.cz\/index.php?rest_route=%2Fwp%2Fv2%2Fproduct_cat&post=2330"},{"taxonomy":"product_tag","embeddable":true,"href":"https:\/\/zlatesperky-rb.cz\/index.php?rest_route=%2Fwp%2Fv2%2Fproduct_tag&post=2330"}],"curies":[{"name":"wp","href":"https:\/\/api.w.org\/{rel}","templated":true}]}}