{"id":236,"date":"2021-08-26T08:42:28","date_gmt":"2021-08-26T08:42:28","guid":{"rendered":"http:\/\/www.zlatesperkyrb.cz.uvirt111.active24.cz\/?post_type=product&#038;p=236"},"modified":"2026-03-15T12:26:52","modified_gmt":"2026-03-15T12:26:52","slug":"naramek-3","status":"publish","type":"product","link":"https:\/\/zlatesperky-rb.cz\/?product=naramek-3","title":{"rendered":"naramek"},"content":{"rendered":"<ul>\n<li>N\u00e1ramek zlat\u00fd valisov\u00fd\u00a0 ru\u010dn\u011b d\u011blan\u00fd .<\/li>\n<li>N\u00e1ramek je modn\u00ed velice l\u00edbiv\u00fd.<\/li>\n<li>N\u00e1ramek se vyr\u00e1b\u00ed v r\u016fzn\u00fdch d\u00e9lk\u00e1ch\u00a0 a s\u00edle.<\/li>\n<\/ul>\n<p><!--more--><\/p>\n","protected":false},"excerpt":{"rendered":"<ul>\n<li>n\u00e1ramek\u00a0 14 kr<\/li>\n<li>d\u00e9lka n\u00e1ramku 18,5 cm<\/li>\n<li>pr\u016fm\u011br n\u00e1ramku 7 mm<\/li>\n<li>v\u00e1ha 10,85g<\/li>\n<\/ul>\n","protected":false},"featured_media":213,"template":"","meta":[],"product_cat":[21],"product_tag":[],"_links":{"self":[{"href":"https:\/\/zlatesperky-rb.cz\/index.php?rest_route=\/wp\/v2\/product\/236"}],"collection":[{"href":"https:\/\/zlatesperky-rb.cz\/index.php?rest_route=\/wp\/v2\/product"}],"about":[{"href":"https:\/\/zlatesperky-rb.cz\/index.php?rest_route=\/wp\/v2\/types\/product"}],"wp:featuredmedia":[{"embeddable":true,"href":"https:\/\/zlatesperky-rb.cz\/index.php?rest_route=\/wp\/v2\/media\/213"}],"wp:attachment":[{"href":"https:\/\/zlatesperky-rb.cz\/index.php?rest_route=%2Fwp%2Fv2%2Fmedia&parent=236"}],"wp:term":[{"taxonomy":"product_cat","embeddable":true,"href":"https:\/\/zlatesperky-rb.cz\/index.php?rest_route=%2Fwp%2Fv2%2Fproduct_cat&post=236"},{"taxonomy":"product_tag","embeddable":true,"href":"https:\/\/zlatesperky-rb.cz\/index.php?rest_route=%2Fwp%2Fv2%2Fproduct_tag&post=236"}],"curies":[{"name":"wp","href":"https:\/\/api.w.org\/{rel}","templated":true}]}}