{"id":2430,"date":"2025-01-16T09:36:45","date_gmt":"2025-01-16T09:36:45","guid":{"rendered":"https:\/\/zlatesperky-rb.cz\/?post_type=product&#038;p=2430"},"modified":"2026-03-15T12:17:14","modified_gmt":"2026-03-15T12:17:14","slug":"privesek-s-morskou-perlou-ve-zlutem-zlate","status":"publish","type":"product","link":"https:\/\/zlatesperky-rb.cz\/?product=privesek-s-morskou-perlou-ve-zlutem-zlate","title":{"rendered":"P\u0159\u00edv\u011bsek  s mo\u0159skou perlou ve \u017elut\u00e9m zlat\u011b"},"content":{"rendered":"<p>\u25cfV\u00e1ha p\u0159\u00edv\u011b\u0161ku 3,2g\/14kr \u017elut\u00e9 zlato<\/p>\n<p>\u25cfVelikost p\u0159\u00edv\u011b\u0161ku 31x14mm<\/p>\n<p>\u25cfVelikost mo\u0159sk\u00e9 perly\u00a0 10mm<\/p>\n<p>Zlat\u00fd perlovy p\u0159\u00edv\u011bsek je modelov\u00fd \u0161perk, ladn\u00e9 proveden\u00ed z\u00e1v\u011bsu vynik\u00e1 svoj\u00ed originalitou. Pouze jeden model.<\/p>\n<p>P\u0159\u00edv\u011bsek je mo\u017en\u00e9 vyrobit i z b\u00edl\u00e9ho zlata.<\/p>\n","protected":false},"excerpt":{"rendered":"<ul>\n<li><\/li>\n<\/ul>\n","protected":false},"featured_media":2482,"template":"","meta":[],"product_cat":[40,38,23],"product_tag":[],"_links":{"self":[{"href":"https:\/\/zlatesperky-rb.cz\/index.php?rest_route=\/wp\/v2\/product\/2430"}],"collection":[{"href":"https:\/\/zlatesperky-rb.cz\/index.php?rest_route=\/wp\/v2\/product"}],"about":[{"href":"https:\/\/zlatesperky-rb.cz\/index.php?rest_route=\/wp\/v2\/types\/product"}],"wp:featuredmedia":[{"embeddable":true,"href":"https:\/\/zlatesperky-rb.cz\/index.php?rest_route=\/wp\/v2\/media\/2482"}],"wp:attachment":[{"href":"https:\/\/zlatesperky-rb.cz\/index.php?rest_route=%2Fwp%2Fv2%2Fmedia&parent=2430"}],"wp:term":[{"taxonomy":"product_cat","embeddable":true,"href":"https:\/\/zlatesperky-rb.cz\/index.php?rest_route=%2Fwp%2Fv2%2Fproduct_cat&post=2430"},{"taxonomy":"product_tag","embeddable":true,"href":"https:\/\/zlatesperky-rb.cz\/index.php?rest_route=%2Fwp%2Fv2%2Fproduct_tag&post=2430"}],"curies":[{"name":"wp","href":"https:\/\/api.w.org\/{rel}","templated":true}]}}