{"id":2439,"date":"2024-09-18T09:22:51","date_gmt":"2024-09-18T09:22:51","guid":{"rendered":"https:\/\/zlatesperky-rb.cz\/?post_type=product&#038;p=2439"},"modified":"2026-03-15T12:16:21","modified_gmt":"2026-03-15T12:16:21","slug":"zlata-souprava-s-prirodnimi-kameny","status":"publish","type":"product","link":"https:\/\/zlatesperky-rb.cz\/?product=zlata-souprava-s-prirodnimi-kameny","title":{"rendered":"Zlat\u00e1 souprava s p\u0159\u00edrodn\u00edmi kameny"},"content":{"rendered":"<p>\u25cfV\u00e1ha p\u0159\u00edv\u011b\u0161ku 4,5g \/14kr \u017elut\u00e9 zlato s barevn\u00fdmi p\u0159\u00edrodn\u00edmi kameny (2x ametyst,1x oliv\u00edn,1x citr\u00edn)<\/p>\n<p>\u25cfVelikost p\u0159\u00edv\u011b\u0161ku 40x12mm velikost kamen\u016f 2x\u00a0 ametyst 8x6mm, 1x oliv\u00edn 7mm,citr\u00edn 9x7mm,dohromady 3.1ct.<\/p>\n<p>\u25cfV\u00e1ha p\u0159\u00edv\u011b\u0161ku 4,7g\/14kr \u017elut\u00e9 zlato p\u0159\u00edrodn\u00ed citr\u00edn \u017elut\u00e9 barvy.<\/p>\n<p>\u25cfVelikost p\u0159\u00edv\u011b\u0161ku 36x15mm,velikost kamen\u016f 8mm,7mm,6mm,5mm a 8x6mm,dihromady 3,1ct<\/p>\n<p>P\u0159\u00edv\u011bsky jsou ru\u010dn\u00ed \u010desk\u00e1 v\u00fdroba a oba jsou vyroben\u00e9 pouze po jednom kuse.\u00a0 Lze vyrobit prsten \u010di n\u00e1u\u0161nice. V\u00edce informac\u00ed na prodejn\u011b.<\/p>\n<p>&nbsp;<\/p>\n","protected":false},"excerpt":{"rendered":"<p>\u25cfV\u00e1ha p\u0159\u00edv\u011b\u0161ku 4,5g \/14kr \u017elut\u00e9 zlato s barevn\u00fdmi p\u0159\u00edrodn\u00edmi kameny (2x ametyst,1x oliv\u00edn,1x citr\u00edn) \u25cfVelikost p\u0159\u00edv\u011b\u0161ku 40x12mm velikost kamen\u016f 2x\u00a0 ametyst 8x6mm, 1x oliv\u00edn 7mm,citr\u00edn 9x7mm,dohromady 3.1ct. \u25cfV\u00e1ha p\u0159\u00edv\u011b\u0161ku 4,7g\/14kr \u017elut\u00e9 zlato p\u0159\u00edrodn\u00ed citr\u00edn \u017elut\u00e9 barvy. \u25cfVelikost p\u0159\u00edv\u011b\u0161ku 36x15mm,velikost kamen\u016f 8mm,7mm,6mm,5mm a 8x6mm,dihromady 3,1ct P\u0159\u00edv\u011bsky jsou ru\u010dn\u00ed \u010desk\u00e1 v\u00fdroba a oba jsou vyroben\u00e9 pouze po [&hellip;]<\/p>\n","protected":false},"featured_media":2435,"template":"","meta":[],"product_cat":[40,38,15,23,19],"product_tag":[],"_links":{"self":[{"href":"https:\/\/zlatesperky-rb.cz\/index.php?rest_route=\/wp\/v2\/product\/2439"}],"collection":[{"href":"https:\/\/zlatesperky-rb.cz\/index.php?rest_route=\/wp\/v2\/product"}],"about":[{"href":"https:\/\/zlatesperky-rb.cz\/index.php?rest_route=\/wp\/v2\/types\/product"}],"wp:featuredmedia":[{"embeddable":true,"href":"https:\/\/zlatesperky-rb.cz\/index.php?rest_route=\/wp\/v2\/media\/2435"}],"wp:attachment":[{"href":"https:\/\/zlatesperky-rb.cz\/index.php?rest_route=%2Fwp%2Fv2%2Fmedia&parent=2439"}],"wp:term":[{"taxonomy":"product_cat","embeddable":true,"href":"https:\/\/zlatesperky-rb.cz\/index.php?rest_route=%2Fwp%2Fv2%2Fproduct_cat&post=2439"},{"taxonomy":"product_tag","embeddable":true,"href":"https:\/\/zlatesperky-rb.cz\/index.php?rest_route=%2Fwp%2Fv2%2Fproduct_tag&post=2439"}],"curies":[{"name":"wp","href":"https:\/\/api.w.org\/{rel}","templated":true}]}}