{"id":2450,"date":"2024-09-18T08:44:28","date_gmt":"2024-09-18T08:44:28","guid":{"rendered":"https:\/\/zlatesperky-rb.cz\/?post_type=product&#038;p=2450"},"modified":"2026-03-15T12:14:10","modified_gmt":"2026-03-15T12:14:10","slug":"zlaty-prsten-s-turmalinem","status":"publish","type":"product","link":"https:\/\/zlatesperky-rb.cz\/?product=zlaty-prsten-s-turmalinem","title":{"rendered":"Zlat\u00fd prsten s p\u0159\u00edrodn\u00edm turmal\u00ednem"},"content":{"rendered":"<p>\u25cfV\u00e1ha prstenu 6,05g\/14kr \u017elut\u00e9 zlato<\/p>\n<p>\u25cfVelikost prstenu\u00a0 62<\/p>\n<p>\u25cfp\u0159\u00edrodn\u00ed k\u00e1men Turmalin krasn\u011b zelen\u00e9 barvy velikost kamene 13,7&#215;11,4mm 8,51 ct.<\/p>\n<p>Prsten je ru\u010dn\u00ed \u010desk\u00e1 v\u00fdroba,prsten m\u00e1 zaj\u00edmav\u011b vyrobenou obrou\u010dku a t\u00edm dob\u0159e sed\u00ed na prst\u011b. Prsten je hladk\u00fd, nezachytav\u00e1\u00a0 je p\u0159\u00edjemn\u00fd a dob\u0159e sed\u00ed na prst\u011b.<\/p>\n","protected":false},"excerpt":{"rendered":"<p>\u25cfV\u00e1ha prstenu 6,05g\/14kr \u017elut\u00e9 zlato \u25cfVelikost prstenu\u00a0 62 \u25cfp\u0159\u00edrodn\u00ed k\u00e1men Turmalin krasn\u011b zelen\u00e9 barvy velikost kamene 13,7&#215;11,4mm 8,51 ct. Prsten je ru\u010dn\u00ed \u010desk\u00e1 v\u00fdroba,prsten m\u00e1 zaj\u00edmav\u011b vyrobenou obrou\u010dku a t\u00edm dob\u0159e sed\u00ed na prst\u011b. Prsten je hladk\u00fd, nezachytav\u00e1\u00a0 je p\u0159\u00edjemn\u00fd a dob\u0159e sed\u00ed na prst\u011b.<\/p>\n","protected":false},"featured_media":2428,"template":"","meta":[],"product_cat":[15,20,27],"product_tag":[],"_links":{"self":[{"href":"https:\/\/zlatesperky-rb.cz\/index.php?rest_route=\/wp\/v2\/product\/2450"}],"collection":[{"href":"https:\/\/zlatesperky-rb.cz\/index.php?rest_route=\/wp\/v2\/product"}],"about":[{"href":"https:\/\/zlatesperky-rb.cz\/index.php?rest_route=\/wp\/v2\/types\/product"}],"wp:featuredmedia":[{"embeddable":true,"href":"https:\/\/zlatesperky-rb.cz\/index.php?rest_route=\/wp\/v2\/media\/2428"}],"wp:attachment":[{"href":"https:\/\/zlatesperky-rb.cz\/index.php?rest_route=%2Fwp%2Fv2%2Fmedia&parent=2450"}],"wp:term":[{"taxonomy":"product_cat","embeddable":true,"href":"https:\/\/zlatesperky-rb.cz\/index.php?rest_route=%2Fwp%2Fv2%2Fproduct_cat&post=2450"},{"taxonomy":"product_tag","embeddable":true,"href":"https:\/\/zlatesperky-rb.cz\/index.php?rest_route=%2Fwp%2Fv2%2Fproduct_tag&post=2450"}],"curies":[{"name":"wp","href":"https:\/\/api.w.org\/{rel}","templated":true}]}}