{"id":2457,"date":"2024-09-18T09:33:38","date_gmt":"2024-09-18T09:33:38","guid":{"rendered":"https:\/\/zlatesperky-rb.cz\/?post_type=product&#038;p=2457"},"modified":"2025-01-15T13:38:34","modified_gmt":"2025-01-15T13:38:34","slug":"prsten-z-bileho-zlata-s-tahitskou-perlou","status":"publish","type":"product","link":"https:\/\/zlatesperky-rb.cz\/?product=prsten-z-bileho-zlata-s-tahitskou-perlou","title":{"rendered":"Prsten z b\u00edl\u00e9ho zlata s p\u0159\u00edrodn\u00ed tahitskou perlou"},"content":{"rendered":"<p>\u25cfV\u00e1ha prstenu 3,85g\/14kr b\u00edl\u00e9 zlato<\/p>\n<p>\u25cfVelikost prstenu 58<\/p>\n<p>\u25cfVelikost perly 13mm<\/p>\n<p>\u25cfbarva p\u0159\u00edrodn\u00ed mo\u0159sk\u00e9 perly tmav\u011b \u0161ed\u00e1.<\/p>\n<p>Prsten je n\u00e1\u0161 model ru\u010dn\u00ed \u010desk\u00e1 v\u00fdroba. Prsten je v\u00fdrazn\u00fd,ale na prst\u011b p\u016fsob\u00ed jemn\u011b.<\/p>\n","protected":false},"excerpt":{"rendered":"<ul>\n<li><\/li>\n<\/ul>\n","protected":false},"featured_media":2433,"template":"","meta":[],"product_cat":[20,27],"product_tag":[],"_links":{"self":[{"href":"https:\/\/zlatesperky-rb.cz\/index.php?rest_route=\/wp\/v2\/product\/2457"}],"collection":[{"href":"https:\/\/zlatesperky-rb.cz\/index.php?rest_route=\/wp\/v2\/product"}],"about":[{"href":"https:\/\/zlatesperky-rb.cz\/index.php?rest_route=\/wp\/v2\/types\/product"}],"wp:featuredmedia":[{"embeddable":true,"href":"https:\/\/zlatesperky-rb.cz\/index.php?rest_route=\/wp\/v2\/media\/2433"}],"wp:attachment":[{"href":"https:\/\/zlatesperky-rb.cz\/index.php?rest_route=%2Fwp%2Fv2%2Fmedia&parent=2457"}],"wp:term":[{"taxonomy":"product_cat","embeddable":true,"href":"https:\/\/zlatesperky-rb.cz\/index.php?rest_route=%2Fwp%2Fv2%2Fproduct_cat&post=2457"},{"taxonomy":"product_tag","embeddable":true,"href":"https:\/\/zlatesperky-rb.cz\/index.php?rest_route=%2Fwp%2Fv2%2Fproduct_tag&post=2457"}],"curies":[{"name":"wp","href":"https:\/\/api.w.org\/{rel}","templated":true}]}}