{"id":2461,"date":"2024-09-18T09:38:50","date_gmt":"2024-09-18T09:38:50","guid":{"rendered":"https:\/\/zlatesperky-rb.cz\/?post_type=product&#038;p=2461"},"modified":"2026-03-14T07:13:15","modified_gmt":"2026-03-14T07:13:15","slug":"nahrdelnik-ze-zluteho-a-bileho-zlata","status":"publish","type":"product","link":"https:\/\/zlatesperky-rb.cz\/?product=nahrdelnik-ze-zluteho-a-bileho-zlata","title":{"rendered":"N\u00e1hrdeln\u00edk ze \u017elut\u00e9ho a b\u00edl\u00e9ho zlata"},"content":{"rendered":"<p>\u25cfV\u00e1ha \u0159et\u00edzku 3,25g\/14kr(b\u00edl\u00e9 zlato)<\/p>\n<p>\u25cfd\u00e9lka \u0159et\u00edzku 43cm<\/p>\n<p>\u25cfVelikost srd\u00ed\u010dka 17,5x11mm(b\u00edl\u00e9 zlato) s\u00edla p\u016flkulat\u00e9ho dr\u00e1tku 1,6mm<\/p>\n<p>Srd\u00ed\u010dko,kter\u00e9 je zakomponovan\u00e9\u00a0 mezi \u0159et\u00edzek je ru\u010dn\u011b vyrobeno z pulkulat\u00e9ho zlat\u00e9ho dr\u00e1tku v b\u00edl\u00e9 barv\u011b,lze vyrobit I ve \u017elut\u00e9m zlat\u011b.<\/p>\n<p>&nbsp;<\/p>\n","protected":false},"excerpt":{"rendered":"<p>\u25cfV\u00e1ha \u0159et\u00edzku 3,25g\/14kr(b\u00edl\u00e9 zlato) \u25cfd\u00e9lka \u0159et\u00edzku 43cm \u25cfVelikost srd\u00ed\u010dka 17,5x11mm(b\u00edl\u00e9 zlato) s\u00edla p\u016flkulat\u00e9ho dr\u00e1tku 1,6mm Srd\u00ed\u010dko,kter\u00e9 je zakomponovan\u00e9\u00a0 mezi \u0159et\u00edzek je ru\u010dn\u011b vyrobeno z pulkulat\u00e9ho zlat\u00e9ho dr\u00e1tku v b\u00edl\u00e9 barv\u011b,lze vyrobit I ve \u017elut\u00e9m zlat\u011b. &nbsp;<\/p>\n","protected":false},"featured_media":2443,"template":"","meta":[],"product_cat":[37,33,25,23],"product_tag":[],"_links":{"self":[{"href":"https:\/\/zlatesperky-rb.cz\/index.php?rest_route=\/wp\/v2\/product\/2461"}],"collection":[{"href":"https:\/\/zlatesperky-rb.cz\/index.php?rest_route=\/wp\/v2\/product"}],"about":[{"href":"https:\/\/zlatesperky-rb.cz\/index.php?rest_route=\/wp\/v2\/types\/product"}],"wp:featuredmedia":[{"embeddable":true,"href":"https:\/\/zlatesperky-rb.cz\/index.php?rest_route=\/wp\/v2\/media\/2443"}],"wp:attachment":[{"href":"https:\/\/zlatesperky-rb.cz\/index.php?rest_route=%2Fwp%2Fv2%2Fmedia&parent=2461"}],"wp:term":[{"taxonomy":"product_cat","embeddable":true,"href":"https:\/\/zlatesperky-rb.cz\/index.php?rest_route=%2Fwp%2Fv2%2Fproduct_cat&post=2461"},{"taxonomy":"product_tag","embeddable":true,"href":"https:\/\/zlatesperky-rb.cz\/index.php?rest_route=%2Fwp%2Fv2%2Fproduct_tag&post=2461"}],"curies":[{"name":"wp","href":"https:\/\/api.w.org\/{rel}","templated":true}]}}