{"id":2506,"date":"2024-11-08T12:02:50","date_gmt":"2024-11-08T12:02:50","guid":{"rendered":"https:\/\/zlatesperky-rb.cz\/?post_type=product&#038;p=2506"},"modified":"2026-03-15T12:21:43","modified_gmt":"2026-03-15T12:21:43","slug":"privesek-z-bileho-zlata-s-thajskymi-perlami","status":"publish","type":"product","link":"https:\/\/zlatesperky-rb.cz\/?product=privesek-z-bileho-zlata-s-thajskymi-perlami","title":{"rendered":"P\u0159\u00edv\u011bsek z b\u00edl\u00e9ho zlata s diamantem a s thajsk\u00fdmi perlami"},"content":{"rendered":"<p>\u25cfV\u00e1ha p\u0159\u00edv\u011b\u0161ku\u00a0 2.25g\/14kr b\u00edl\u00e9 zlato.<\/p>\n<p>\u25cfVelikost p\u0159\u00edv\u011b\u0161ku 28mm<\/p>\n<p>\u25cfVelikost\u00a0 p\u0159\u00edrodn\u00ed tahitsk\u00e9 perly 8mm<\/p>\n<p>\u25cfVelikost diamant\u016f 0.03ct Si1\/H<\/p>\n<p>P\u0159\u00edv\u011bsek je \u010desk\u00e1 ru\u010dn\u00ed pr\u00e1ce a lze ho vyrobit\u00a0 i ze \u017elut\u00e9ho zlata. Lze k n\u011bmu koupit i prsten a n\u00e1u\u0161nice.<\/p>\n<p>&nbsp;<\/p>\n","protected":false},"excerpt":{"rendered":"<p>\u25cfV\u00e1ha p\u0159\u00edv\u011b\u0161ku\u00a0 2.25g\/14kr b\u00edl\u00e9 zlato. \u25cfVelikost p\u0159\u00edv\u011b\u0161ku 28mm \u25cfVelikost\u00a0 p\u0159\u00edrodn\u00ed tahitsk\u00e9 perly 8mm \u25cfVelikost diamant\u016f 0.03ct Si1\/H P\u0159\u00edv\u011bsek je \u010desk\u00e1 ru\u010dn\u00ed pr\u00e1ce a lze ho vyrobit\u00a0 i ze \u017elut\u00e9ho zlata. Lze k n\u011bmu koupit i prsten a n\u00e1u\u0161nice. &nbsp;<\/p>\n","protected":false},"featured_media":2491,"template":"","meta":[],"product_cat":[40,15,23,19],"product_tag":[],"_links":{"self":[{"href":"https:\/\/zlatesperky-rb.cz\/index.php?rest_route=\/wp\/v2\/product\/2506"}],"collection":[{"href":"https:\/\/zlatesperky-rb.cz\/index.php?rest_route=\/wp\/v2\/product"}],"about":[{"href":"https:\/\/zlatesperky-rb.cz\/index.php?rest_route=\/wp\/v2\/types\/product"}],"wp:featuredmedia":[{"embeddable":true,"href":"https:\/\/zlatesperky-rb.cz\/index.php?rest_route=\/wp\/v2\/media\/2491"}],"wp:attachment":[{"href":"https:\/\/zlatesperky-rb.cz\/index.php?rest_route=%2Fwp%2Fv2%2Fmedia&parent=2506"}],"wp:term":[{"taxonomy":"product_cat","embeddable":true,"href":"https:\/\/zlatesperky-rb.cz\/index.php?rest_route=%2Fwp%2Fv2%2Fproduct_cat&post=2506"},{"taxonomy":"product_tag","embeddable":true,"href":"https:\/\/zlatesperky-rb.cz\/index.php?rest_route=%2Fwp%2Fv2%2Fproduct_tag&post=2506"}],"curies":[{"name":"wp","href":"https:\/\/api.w.org\/{rel}","templated":true}]}}